{"id":1376,"date":"2023-03-16T18:56:27","date_gmt":"2023-03-16T18:56:27","guid":{"rendered":"https:\/\/www.service-darbres-stephane.com\/firewood-for-sale\/"},"modified":"2024-05-10T15:33:05","modified_gmt":"2024-05-10T15:33:05","slug":"firewood-for-sale","status":"publish","type":"page","link":"https:\/\/www.service-darbres-stephane.com\/en\/firewood-for-sale\/","title":{"rendered":"Firewood for sale"},"content":{"rendered":"<p>[et_pb_section fb_built=&#8221;1&#8243; _builder_version=&#8221;4.24.2&#8243; _module_preset=&#8221;default&#8221; background_enable_color=&#8221;off&#8221; border_width_bottom=&#8221;2px&#8221; border_color_bottom=&#8221;gcid-4ce28fe1-32bf-4046-88cc-917c6fe5a458&#8243; global_colors_info=&#8221;{%22gcid-4ce28fe1-32bf-4046-88cc-917c6fe5a458%22:%91%22border_color_bottom%22%93}&#8221;][et_pb_row _builder_version=&#8221;4.19.4&#8243; _module_preset=&#8221;default&#8221; global_colors_info=&#8221;{}&#8221;][et_pb_column type=&#8221;4_4&#8243; _builder_version=&#8221;4.19.4&#8243; _module_preset=&#8221;default&#8221; global_colors_info=&#8221;{}&#8221;][et_pb_text _builder_version=&#8221;4.25.0&#8243; _module_preset=&#8221;default&#8221; hover_enabled=&#8221;0&#8243; global_colors_info=&#8221;{}&#8221; sticky_enabled=&#8221;0&#8243;]<\/p>\n<h1 style=\"text-align: center;\">Firewood for sale services<\/h1>\n<p>[\/et_pb_text][\/et_pb_column][\/et_pb_row][et_pb_row column_structure=&#8221;1_2,1_2&#8243; _builder_version=&#8221;4.19.4&#8243; _module_preset=&#8221;default&#8221; global_colors_info=&#8221;{}&#8221;][et_pb_column type=&#8221;1_2&#8243; _builder_version=&#8221;4.19.4&#8243; _module_preset=&#8221;default&#8221; global_colors_info=&#8221;{}&#8221;][et_pb_text _builder_version=&#8221;4.25.0&#8243; _module_preset=&#8221;default&#8221; hover_enabled=&#8221;0&#8243; global_colors_info=&#8221;{}&#8221; sticky_enabled=&#8221;0&#8243;]<\/p>\n<div id=\"1897634126\" class=\"dmNewParagraph\" data-element-type=\"paragraph\" data-version=\"5\">\n<h2 class=\"text-align-left\">The right pieces of firewood to keep you warm<\/h2>\n<\/div>\n<div id=\"1390557897\" class=\"u_1390557897 dmNewParagraph\" data-element-type=\"paragraph\" data-version=\"5\">\n<p class=\"text-align-left\">Are you looking for\u00a0<strong>firewood for sale services<\/strong> in Montreal, Laval, Repentigny, Terrebonne, Lanaudiere, or on the North Shore? When it comes to heating with wood, the quality of the product used is important. By using top-quality wood, you&#8217;ll not only enjoy a longer-lasting fire, you&#8217;ll also get the most out of your fireplace. That&#8217;s why Service d&#8217;Arbres St\u00e9phane is committed to offering you only the best!<\/p>\n<\/div>\n<div id=\"1626599000\" class=\"dmNewParagraph\" data-element-type=\"paragraph\" data-version=\"5\">\n<h2 class=\"text-align-left\"><span class=\"\">Recover to protect<\/span><\/h2>\n<\/div>\n<div id=\"1811005961\" class=\"u_1811005961 dmNewParagraph\" data-element-type=\"paragraph\" data-version=\"5\">\n<p class=\"text-align-left\">When you call on Service d&#8217;Arbres St\u00e9phane, you&#8217;re putting your trust in a company that works with respect for nature.<\/p>\n<\/div>\n<div id=\"1532534415\" class=\"dmNewParagraph\" data-element-type=\"paragraph\" data-version=\"5\">\n<p>After the arboricultural work, we recover the wood and transform it into logs, giving it a second life. Our team also supplies you with high-quality, high-performance wood species, which reduces the effects of pollution emitted during heating.<\/p>\n<\/div>\n<p>[\/et_pb_text][\/et_pb_column][et_pb_column type=&#8221;1_2&#8243; _builder_version=&#8221;4.19.4&#8243; _module_preset=&#8221;default&#8221; global_colors_info=&#8221;{}&#8221;][et_pb_image src=&#8221;https:\/\/www.service-darbres-stephane.com\/wp-content\/uploads\/2023\/03\/Vente-de-bois-de-chauffage-a-Montreal-Services-Arbres-Stephanes.jpg&#8221; alt=&#8221;Sale of firewood in Montreal, Laval, North Shore, Lanaudi\u00e8re &#8211; Services Arbres St\u00e9phane&#8221; title_text=&#8221;Sale of firewood in Montreal, Laval, North Shore, Lanaudi\u00e8re &#8211; Services Arbres St\u00e9phane&#8221; force_fullwidth=&#8221;on&#8221; _builder_version=&#8221;4.25.0&#8243; _module_preset=&#8221;default&#8221; custom_margin=&#8221;20px||||false|false&#8221; custom_padding=&#8221;20px||||false|false&#8221; hover_enabled=&#8221;0&#8243; global_colors_info=&#8221;{}&#8221; sticky_enabled=&#8221;0&#8243;][\/et_pb_image][\/et_pb_column][\/et_pb_row][\/et_pb_section][et_pb_section fb_built=&#8221;1&#8243; _builder_version=&#8221;4.25.0&#8243; _module_preset=&#8221;default&#8221; global_colors_info=&#8221;{}&#8221; theme_builder_area=&#8221;post_content&#8221;][et_pb_row _builder_version=&#8221;4.25.0&#8243; _module_preset=&#8221;default&#8221; global_colors_info=&#8221;{}&#8221; theme_builder_area=&#8221;post_content&#8221;][et_pb_column type=&#8221;4_4&#8243; _builder_version=&#8221;4.25.0&#8243; _module_preset=&#8221;default&#8221; global_colors_info=&#8221;{}&#8221; theme_builder_area=&#8221;post_content&#8221;][et_pb_toggle title=&#8221;Liability insurance &#8221; toggle_icon=&#8221;&#xe04c;||divi||400&#8243; open_toggle_icon=&#8221;&#xe04b;||divi||400&#8243; _builder_version=&#8221;4.25.0&#8243; _module_preset=&#8221;default&#8221; hover_enabled=&#8221;0&#8243; global_colors_info=&#8221;{}&#8221; theme_builder_area=&#8221;post_content&#8221; sticky_enabled=&#8221;0&#8243;]<\/p>\n<p>At Service d&#8217;Arbres Stephane, we want to guarantee the quality of our tree felling, trimming, pruning, guying, stump removal, shredding, and much more to each of our customers. We consider all the standards and rules in force established by the <a href=\"https:\/\/www.siaq.org\/en\">International Society of Arboriculture-Quebec Inc. S.I.A.Q<\/a>, the Bureau de normalization du Qu\u00e9bec as well as the regulations of your municipality so that your work complies with the ecological balance. It is by pursuing this objective that our company has liability insurance of $5,000,000 for possible cases of accidents or unforeseen situations. The success of each of our tree services that we initiate is close to our hearts and it is with the greatest determination that our professionals apply themselves to its success.<\/p>\n<p>&nbsp;<\/p>\n<p>[\/et_pb_toggle][et_pb_toggle title=&#8221;Free quote service&#8221; toggle_icon=&#8221;&#xe04c;||divi||400&#8243; open_toggle_icon=&#8221;&#xe04c;||divi||400&#8243; _builder_version=&#8221;4.25.0&#8243; _module_preset=&#8221;default&#8221; hover_enabled=&#8221;0&#8243; global_colors_info=&#8221;{}&#8221; theme_builder_area=&#8221;post_content&#8221; sticky_enabled=&#8221;0&#8243;]<\/p>\n<h2>Free quote service on the price of a specialized in firewood for sale services in Montreal, Laval, North Shore, Terrebonne, Repentigny and in Lanaudi\u00e8re and its surrounding areas<\/h2>\n<p>Our dynamic and passionate team will ensure exceptional results that meet your expectations. If you notice anything unsatisfactory in our work, you can be sure that we will analyze the problem and make adjustments as soon as possible.<\/p>\n<h4>We mainly offer our specialized in firewood for sale services to:<\/h4>\n<p><strong>Firewood for sale services in Montreal and its surroundings:<\/strong> Montreal-North, Montreal-West, Montreal-Centre, Montreal-East, Mount-Royal, Hampstead, C\u00f4te-Saint-Luc, Westmount, Beaconsfield, Baie-d&#8217;Urf\u00e9, Dorval, Dollard-Des Ormeaux, Kirkland, Pointe-Claire, Sainte-Anne-de-Bellevue, Senneville, Anjou, C\u00f4te-des-Neiges, Notre-Dame-de-Gr\u00e2ce, Lachine, LaSalle, Ville-Saint-Laurent, Plateau-Mont-Royal, \u00cele-Bizard, Sainte-Genevi\u00e8ve, Mercier, Hochelaga, Maisonneuve, Outremont, Pierrefonds, Roxboro, Rivi\u00e8re-des-Prairies, Pointe-aux-Trembles, Rosemont, La Petite-Patrie, Saint-Laurent, Saint-L\u00e9onard, Verdun, Ville-Marie, Villeray, Saint-Michel, Parc-Extension, etc.<\/p>\n<p><strong>Firewood for sale services in Laval and its surroundings:<\/strong> Auteuil, Chomedey, Duvernay, Duvernay-Est, Laval-des-Rapides, Pont-Viau, Sainte-Doroth\u00e9e, Saint-Fran\u00e7ois, Saint-Martin, Sainte-Rose, Saint-Vincent-de-Paul, Vimont, etc.<\/p>\n<p><strong>Firewood for sale services on the North Shore and its surroundings:<\/strong> Saint-Eustache, Sainte-Marthe-sur-le-Lac, Blainville, Boisbriand, Bois-des-Filion, Lorraine, Rosem\u00e8re, Sainte-Anne-des-Plaines, Sainte-Th\u00e9r\u00e8se, etc.<\/p>\n<p><strong>Firewood for sale services in Lanaudi\u00e8re and its surroundings:<\/strong> Charlemagne, Lachenaie, Terrebonne, Mascouche, le Gardeur, Repentigny, Saint Sulpice, L&#8217;Assomption, Lavaltrie, L&#8217;\u00c9piphanie, etc.<\/p>\n<p>But, depending on the type of service requested, some contracts may be undertaken beyond this sector. Do not hesitate, to contact us now at <strong>514-914-1032<\/strong>\u200b\u00a0to request an <a href=\"https:\/\/www.service-darbres-stephane.com\/en\/submission\/\">estimate\/submission<\/a> for your specialized in firewood for sale services\u2026 by one of our professionals.<\/p>\n<p>[\/et_pb_toggle][\/et_pb_column][\/et_pb_row][\/et_pb_section][et_pb_section fb_built=&#8221;1&#8243; theme_builder_area=&#8221;post_content&#8221; _builder_version=&#8221;4.25.0&#8243; _module_preset=&#8221;default&#8221;][\/et_pb_section][et_pb_section fb_built=&#8221;1&#8243; _builder_version=&#8221;4.24.2&#8243; _module_preset=&#8221;default&#8221; global_colors_info=&#8221;{}&#8221;][et_pb_row _builder_version=&#8221;4.24.2&#8243; _module_preset=&#8221;default&#8221; background_color=&#8221;#f4f4f4&#8243; custom_padding=&#8221;75px|20px|75px|20px|true|true&#8221; global_colors_info=&#8221;{}&#8221;][et_pb_column type=&#8221;4_4&#8243; _builder_version=&#8221;4.24.2&#8243; _module_preset=&#8221;default&#8221; global_colors_info=&#8221;{}&#8221;][et_pb_text _builder_version=&#8221;4.25.0&#8243; _module_preset=&#8221;default&#8221; global_colors_info=&#8221;{}&#8221;]<\/p>\n<h3 style=\"text-align: center;\">A Large Service Area for the sale of firewood<\/h3>\n<p style=\"text-align: center;\">Service d&#8217;Arbres St\u00e9phane delivers wood in the greater Montreal area, Laval, the North Shore, Terrebonne, Repentigny and Lanaudi\u00e8re!<\/p>\n<p>[\/et_pb_text][\/et_pb_column][\/et_pb_row][\/et_pb_section][et_pb_section fb_built=&#8221;1&#8243; admin_label=&#8221;Section BOUTON CONTACT&#8221; module_class=&#8221;globalButtonFoot&#8221; _builder_version=&#8221;4.24.2&#8243; _module_preset=&#8221;default&#8221; background_color=&#8221;#0f9516&#8243; global_module=&#8221;2086&#8243; saved_tabs=&#8221;all&#8221; global_colors_info=&#8221;{}&#8221;][et_pb_row _builder_version=&#8221;4.25.0&#8243; _module_preset=&#8221;default&#8221; global_colors_info=&#8221;{}&#8221;][et_pb_column type=&#8221;4_4&#8243; _builder_version=&#8221;4.24.2&#8243; _module_preset=&#8221;default&#8221; global_colors_info=&#8221;{}&#8221;][et_pb_button button_url=&#8221;https:\/\/www.service-darbres-stephane.com\/en\/contact-us\/&#8221; button_text=&#8221;CONTACT US&#8221; button_alignment=&#8221;center&#8221; _builder_version=&#8221;4.24.3&#8243; _module_preset=&#8221;default&#8221; custom_button=&#8221;on&#8221; button_text_color=&#8221;#FFFFFF&#8221; button_bg_color=&#8221;#f4b832&#8243; button_border_width=&#8221;0px&#8221; button_border_radius=&#8221;0px&#8221; button_font=&#8221;|||on|||||&#8221; button_use_icon=&#8221;off&#8221; box_shadow_style=&#8221;preset1&#8243; global_colors_info=&#8221;{}&#8221;][\/et_pb_button][\/et_pb_column][\/et_pb_row][\/et_pb_section][et_pb_section fb_built=&#8221;1&#8243; admin_label=&#8221;Section pre-foot&#8221; module_id=&#8221;prefootersection&#8221; _builder_version=&#8221;4.24.2&#8243; _module_preset=&#8221;default&#8221; global_module=&#8221;2063&#8243; saved_tabs=&#8221;all&#8221; global_colors_info=&#8221;{}&#8221;][et_pb_row _builder_version=&#8221;4.24.2&#8243; _module_preset=&#8221;default&#8221; global_colors_info=&#8221;{}&#8221;][et_pb_column type=&#8221;4_4&#8243; _builder_version=&#8221;4.19.4&#8243; _module_preset=&#8221;default&#8221; global_colors_info=&#8221;{}&#8221;][et_pb_blurb title=&#8221;FREE ESTIMATE&#8221; use_icon=&#8221;on&#8221; font_icon=&#8221;&#xf164;||fa||900&#8243; icon_color=&#8221;#333333&#8243; content_max_width=&#8221;804px&#8221; admin_label=&#8221;FREE ESTIMATE&#8221; module_class=&#8221;colonnecentrale&#8221; _builder_version=&#8221;4.25.0&#8243; _module_preset=&#8221;default&#8221; header_text_align=&#8221;center&#8221; text_orientation=&#8221;center&#8221; global_colors_info=&#8221;{}&#8221;]<\/p>\n<div id=\"1243658945\" class=\"dmNewParagraph\" data-element-type=\"paragraph\" data-version=\"5\">\n<p class=\"text-align-center\">We have the skills and equipment you need for all your arboricultural projects.<\/p>\n<\/div>\n<p><a class=\"boutonsoumission\" href=\"https:\/\/www.service-darbres-stephane.com\/en\/submission\/\">ESTIMATE<\/a><\/p>\n<p>[\/et_pb_blurb][\/et_pb_column][\/et_pb_row][\/et_pb_section][et_pb_section fb_built=&#8221;1&#8243; module_id=&#8221;sectionfooter&#8221; _builder_version=&#8221;4.19.4&#8243; _module_preset=&#8221;default&#8221; background_color=&#8221;#424242&#8243; global_module=&#8221;1595&#8243; saved_tabs=&#8221;all&#8221; global_colors_info=&#8221;{}&#8221;][et_pb_row column_structure=&#8221;1_4,1_4,1_4,1_4&#8243; _builder_version=&#8221;4.19.4&#8243; _module_preset=&#8221;default&#8221; global_colors_info=&#8221;{}&#8221;][et_pb_column type=&#8221;1_4&#8243; _builder_version=&#8221;4.19.4&#8243; _module_preset=&#8221;default&#8221; global_colors_info=&#8221;{}&#8221;][et_pb_text _builder_version=&#8221;4.24.2&#8243; _module_preset=&#8221;default&#8221; custom_margin=&#8221;||10px||false|false&#8221; custom_padding=&#8221;||||false|false&#8221; global_colors_info=&#8221;{}&#8221;]<\/p>\n<h3>Informations<\/h3>\n<p class=\"footertext\">Service d\u2019Arbres St\u00e9phane<\/p>\n<p class=\"footertext\"><a href=\"tel:514%E2%80%91914%E2%80%911032\" data-global=\"phone\" data-track-event=\"click\" data-track-action=\"phone_link\">514-914-1032<\/a><\/p>\n<p class=\"footertext\"><a href=\"mailto:info@service-darbres-stephane.com\" data-track-event=\"click\" data-track-action=\"email_link\">info@service-darbres-stephane.com<\/a><\/p>\n<p>[\/et_pb_text][et_pb_icon font_icon=&#8221;&#xe010;||divi||400&#8243; icon_color=&#8221;#FFFFFF&#8221; icon_width=&#8221;17px&#8221; url=&#8221;mailto:info@service-darbres-stephane.com&#8221; align=&#8221;left&#8221; _builder_version=&#8221;4.19.4&#8243; _module_preset=&#8221;default&#8221; background_color=&#8221;#109516&#8243; custom_padding=&#8221;7px|7px|7px|7px|false|false&#8221; border_radii=&#8221;on|50%|50%|50%|50%&#8221; global_colors_info=&#8221;{}&#8221; background__hover_enabled=&#8221;on|hover&#8221; background_color__hover=&#8221;#FFFFFF&#8221; background_enable_color__hover=&#8221;on&#8221; icon_color__hover_enabled=&#8221;on|hover&#8221; icon_color__hover=&#8221;#109516&#8243;][\/et_pb_icon][\/et_pb_column][et_pb_column type=&#8221;1_4&#8243; _builder_version=&#8221;4.19.4&#8243; _module_preset=&#8221;default&#8221; global_colors_info=&#8221;{}&#8221;][et_pb_text _builder_version=&#8221;4.25.0&#8243; _module_preset=&#8221;default&#8221; global_colors_info=&#8221;{}&#8221;]<\/p>\n<h3 style=\"text-align: center;\">USEFUL LINKS<\/h3>\n<p style=\"text-align: center;\"><a href=\"https:\/\/www.service-darbres-stephane.com\/en\">Home<\/a><a href=\"https:\/\/www.service-darbres-stephane.com\/en\/sitemap\/\">Sitemap<\/a><a href=\"https:\/\/www.service-darbres-stephane.com\/en\/submission\/\">Submission<\/a><a href=\"https:\/\/www.service-darbres-stephane.com\/en\/privacy-policy\/\">Privacy policy<\/a><\/p>\n<p>[\/et_pb_text][et_pb_text _builder_version=&#8221;4.25.0&#8243; _module_preset=&#8221;default&#8221; global_colors_info=&#8221;{}&#8221;]<\/p>\n<h3 style=\"text-align: center;\">OPENING HOURS<\/h3>\n<p class=\"footertext\" style=\"text-align: center;\">24\/7<\/p>\n<p>[\/et_pb_text][\/et_pb_column][et_pb_column type=&#8221;1_4&#8243; _builder_version=&#8221;4.19.4&#8243; _module_preset=&#8221;default&#8221; global_colors_info=&#8221;{}&#8221;][et_pb_text _builder_version=&#8221;4.25.0&#8243; _module_preset=&#8221;default&#8221; global_colors_info=&#8221;{}&#8221;]<\/p>\n<h3 style=\"text-align: center;\">SERVICE ZONE<\/h3>\n<p style=\"text-align: center;\">Montreal<br \/>Laval<br \/>North-Shore<br \/>Terrebonne<br \/>Repentigny<br \/>Lanaudiere<\/p>\n<p>[\/et_pb_text][\/et_pb_column][et_pb_column type=&#8221;1_4&#8243; _builder_version=&#8221;4.19.4&#8243; _module_preset=&#8221;default&#8221; global_colors_info=&#8221;{}&#8221;][et_pb_text _builder_version=&#8221;4.25.0&#8243; _module_preset=&#8221;default&#8221; custom_margin=&#8221;||10px||false|false&#8221; global_colors_info=&#8221;{}&#8221;]<\/p>\n<h3 style=\"text-align: center;\">PLEASE SHARE<\/h3>\n<p>[\/et_pb_text][et_pb_social_media_follow use_icon_font_size=&#8221;on&#8221; _builder_version=&#8221;4.24.2&#8243; _module_preset=&#8221;default&#8221; text_orientation=&#8221;center&#8221; border_radii=&#8221;on|50%|50%|50%|50%&#8221; global_colors_info=&#8221;{}&#8221; background__hover_enabled=&#8221;on|desktop&#8221;][et_pb_social_media_follow_network social_network=&#8221;facebook&#8221; url=&#8221;https:\/\/www.facebook.com\/servicedarbres&#8221; icon_color=&#8221;#FFFFFF&#8221; use_icon_font_size=&#8221;on&#8221; _builder_version=&#8221;4.19.4&#8243; _module_preset=&#8221;default&#8221; background_color=&#8221;#109516&#8243; background_enable_color=&#8221;on&#8221; global_colors_info=&#8221;{}&#8221; background__hover_enabled=&#8221;on|hover&#8221; background_color__hover=&#8221;#FFFFFF&#8221; background_enable_color__hover=&#8221;on&#8221; icon_color__hover_enabled=&#8221;on|hover&#8221; icon_color__hover=&#8221;#109516&#8243; follow_button=&#8221;off&#8221; url_new_window=&#8221;on&#8221;]facebook[\/et_pb_social_media_follow_network][et_pb_social_media_follow_network social_network=&#8221;twitter&#8221; url=&#8221;https:\/\/twitter.com\/intent\/tweet?url=https%3A%2F%2Fwww.service-darbres-stephane.com%2F&#8221; use_icon_font_size=&#8221;on&#8221; _builder_version=&#8221;4.19.4&#8243; _module_preset=&#8221;default&#8221; background_color=&#8221;#109516&#8243; background_enable_color=&#8221;on&#8221; global_colors_info=&#8221;{}&#8221; background__hover_enabled=&#8221;on|hover&#8221; background_color__hover=&#8221;#FFFFFF&#8221; background_enable_color__hover=&#8221;on&#8221; icon_color__hover_enabled=&#8221;on|hover&#8221; icon_color__hover=&#8221;#109516&#8243; follow_button=&#8221;off&#8221; url_new_window=&#8221;on&#8221;]twitter[\/et_pb_social_media_follow_network][\/et_pb_social_media_follow][\/et_pb_column][\/et_pb_row][\/et_pb_section]<\/p>\n","protected":false},"excerpt":{"rendered":"<p>Firewood for sale services The right pieces of firewood to keep you warm Are you looking for\u00a0firewood for sale services in Montreal, Laval, Repentigny, Terrebonne, Lanaudiere, or on the North Shore? When it comes to heating with wood, the quality of the product used is important. By using top-quality wood, you&#8217;ll not only enjoy a [&hellip;]<\/p>\n","protected":false},"author":1,"featured_media":0,"parent":0,"menu_order":0,"comment_status":"closed","ping_status":"closed","template":"","meta":{"_et_pb_use_builder":"on","_et_pb_old_content":"","_et_gb_content_width":"","footnotes":""},"class_list":["post-1376","page","type-page","status-publish","hentry"],"yoast_head":"<!-- This site is optimized with the Yoast SEO plugin v27.5 - https:\/\/yoast.com\/product\/yoast-seo-wordpress\/ -->\n<title>Firewood for sale in Montreal, Laval, - Services Arbres St\u00e9phane<\/title>\n<meta name=\"description\" content=\"Firewood for sale in Montreal, Laval, North Shore, and in Lanaudi\u00e8re and its surroundings - Services Arbres St\u00e9phane\" \/>\n<meta name=\"robots\" content=\"index, follow, max-snippet:-1, max-image-preview:large, max-video-preview:-1\" \/>\n<link rel=\"canonical\" href=\"https:\/\/www.service-darbres-stephane.com\/en\/firewood-for-sale\/\" \/>\n<meta property=\"og:locale\" content=\"en_US\" \/>\n<meta property=\"og:type\" content=\"article\" \/>\n<meta property=\"og:title\" content=\"Firewood for sale in Montreal, Laval, - Services Arbres St\u00e9phane\" \/>\n<meta property=\"og:description\" content=\"Firewood for sale in Montreal, Laval, North Shore, and in Lanaudi\u00e8re and its surroundings - Services Arbres St\u00e9phane\" \/>\n<meta property=\"og:url\" content=\"https:\/\/www.service-darbres-stephane.com\/en\/firewood-for-sale\/\" \/>\n<meta property=\"og:site_name\" content=\"Service d&#039;arbres St\u00e9phane\" \/>\n<meta property=\"article:modified_time\" content=\"2024-05-10T15:33:05+00:00\" \/>\n<meta name=\"twitter:card\" content=\"summary_large_image\" \/>\n<meta name=\"twitter:label1\" content=\"Est. reading time\" \/>\n\t<meta name=\"twitter:data1\" content=\"4 minutes\" \/>\n<script type=\"application\/ld+json\" class=\"yoast-schema-graph\">{\"@context\":\"https:\\\/\\\/schema.org\",\"@graph\":[{\"@type\":\"WebPage\",\"@id\":\"https:\\\/\\\/www.service-darbres-stephane.com\\\/en\\\/firewood-for-sale\\\/\",\"url\":\"https:\\\/\\\/www.service-darbres-stephane.com\\\/en\\\/firewood-for-sale\\\/\",\"name\":\"Firewood for sale in Montreal, Laval, - Services Arbres St\u00e9phane\",\"isPartOf\":{\"@id\":\"https:\\\/\\\/www.service-darbres-stephane.com\\\/en\\\/#website\"},\"datePublished\":\"2023-03-16T18:56:27+00:00\",\"dateModified\":\"2024-05-10T15:33:05+00:00\",\"description\":\"Firewood for sale in Montreal, Laval, North Shore, and in Lanaudi\u00e8re and its surroundings - Services Arbres St\u00e9phane\",\"inLanguage\":\"en-US\",\"potentialAction\":[{\"@type\":\"ReadAction\",\"target\":[\"https:\\\/\\\/www.service-darbres-stephane.com\\\/en\\\/firewood-for-sale\\\/\"]}]},{\"@type\":\"WebSite\",\"@id\":\"https:\\\/\\\/www.service-darbres-stephane.com\\\/en\\\/#website\",\"url\":\"https:\\\/\\\/www.service-darbres-stephane.com\\\/en\\\/\",\"name\":\"Service d&#039;arbres St\u00e9phane\",\"description\":\"Vous servir et nous faire payer avec le sourire est notre devise!\",\"potentialAction\":[{\"@type\":\"SearchAction\",\"target\":{\"@type\":\"EntryPoint\",\"urlTemplate\":\"https:\\\/\\\/www.service-darbres-stephane.com\\\/en\\\/?s={search_term_string}\"},\"query-input\":{\"@type\":\"PropertyValueSpecification\",\"valueRequired\":true,\"valueName\":\"search_term_string\"}}],\"inLanguage\":\"en-US\"}]}<\/script>\n<!-- \/ Yoast SEO plugin. -->","yoast_head_json":{"title":"Firewood for sale in Montreal, Laval, - Services Arbres St\u00e9phane","description":"Firewood for sale in Montreal, Laval, North Shore, and in Lanaudi\u00e8re and its surroundings - Services Arbres St\u00e9phane","robots":{"index":"index","follow":"follow","max-snippet":"max-snippet:-1","max-image-preview":"max-image-preview:large","max-video-preview":"max-video-preview:-1"},"canonical":"https:\/\/www.service-darbres-stephane.com\/en\/firewood-for-sale\/","og_locale":"en_US","og_type":"article","og_title":"Firewood for sale in Montreal, Laval, - Services Arbres St\u00e9phane","og_description":"Firewood for sale in Montreal, Laval, North Shore, and in Lanaudi\u00e8re and its surroundings - Services Arbres St\u00e9phane","og_url":"https:\/\/www.service-darbres-stephane.com\/en\/firewood-for-sale\/","og_site_name":"Service d&#039;arbres St\u00e9phane","article_modified_time":"2024-05-10T15:33:05+00:00","twitter_card":"summary_large_image","twitter_misc":{"Est. reading time":"4 minutes"},"schema":{"@context":"https:\/\/schema.org","@graph":[{"@type":"WebPage","@id":"https:\/\/www.service-darbres-stephane.com\/en\/firewood-for-sale\/","url":"https:\/\/www.service-darbres-stephane.com\/en\/firewood-for-sale\/","name":"Firewood for sale in Montreal, Laval, - Services Arbres St\u00e9phane","isPartOf":{"@id":"https:\/\/www.service-darbres-stephane.com\/en\/#website"},"datePublished":"2023-03-16T18:56:27+00:00","dateModified":"2024-05-10T15:33:05+00:00","description":"Firewood for sale in Montreal, Laval, North Shore, and in Lanaudi\u00e8re and its surroundings - Services Arbres St\u00e9phane","inLanguage":"en-US","potentialAction":[{"@type":"ReadAction","target":["https:\/\/www.service-darbres-stephane.com\/en\/firewood-for-sale\/"]}]},{"@type":"WebSite","@id":"https:\/\/www.service-darbres-stephane.com\/en\/#website","url":"https:\/\/www.service-darbres-stephane.com\/en\/","name":"Service d&#039;arbres St\u00e9phane","description":"Vous servir et nous faire payer avec le sourire est notre devise!","potentialAction":[{"@type":"SearchAction","target":{"@type":"EntryPoint","urlTemplate":"https:\/\/www.service-darbres-stephane.com\/en\/?s={search_term_string}"},"query-input":{"@type":"PropertyValueSpecification","valueRequired":true,"valueName":"search_term_string"}}],"inLanguage":"en-US"}]}},"_links":{"self":[{"href":"https:\/\/www.service-darbres-stephane.com\/en\/wp-json\/wp\/v2\/pages\/1376","targetHints":{"allow":["GET"]}}],"collection":[{"href":"https:\/\/www.service-darbres-stephane.com\/en\/wp-json\/wp\/v2\/pages"}],"about":[{"href":"https:\/\/www.service-darbres-stephane.com\/en\/wp-json\/wp\/v2\/types\/page"}],"author":[{"embeddable":true,"href":"https:\/\/www.service-darbres-stephane.com\/en\/wp-json\/wp\/v2\/users\/1"}],"replies":[{"embeddable":true,"href":"https:\/\/www.service-darbres-stephane.com\/en\/wp-json\/wp\/v2\/comments?post=1376"}],"version-history":[{"count":10,"href":"https:\/\/www.service-darbres-stephane.com\/en\/wp-json\/wp\/v2\/pages\/1376\/revisions"}],"predecessor-version":[{"id":3348,"href":"https:\/\/www.service-darbres-stephane.com\/en\/wp-json\/wp\/v2\/pages\/1376\/revisions\/3348"}],"wp:attachment":[{"href":"https:\/\/www.service-darbres-stephane.com\/en\/wp-json\/wp\/v2\/media?parent=1376"}],"curies":[{"name":"wp","href":"https:\/\/api.w.org\/{rel}","templated":true}]}}