{"id":1415,"date":"2023-03-16T18:26:13","date_gmt":"2023-03-16T18:26:13","guid":{"rendered":"https:\/\/www.service-darbres-stephane.com\/tree-maintenance\/"},"modified":"2023-05-09T22:08:12","modified_gmt":"2023-05-09T22:08:12","slug":"tree-maintenance","status":"publish","type":"page","link":"https:\/\/www.service-darbres-stephane.com\/en\/tree-maintenance\/","title":{"rendered":"Tree maintenance"},"content":{"rendered":"<p>[et_pb_section fb_built=&#8221;1&#8243; _builder_version=&#8221;4.19.4&#8243; _module_preset=&#8221;default&#8221; background_color=&#8221;#e6e6e6&#8243; global_colors_info=&#8221;{}&#8221;][et_pb_row _builder_version=&#8221;4.19.4&#8243; _module_preset=&#8221;default&#8221; global_colors_info=&#8221;{}&#8221;][et_pb_column type=&#8221;4_4&#8243; _builder_version=&#8221;4.19.4&#8243; _module_preset=&#8221;default&#8221; global_colors_info=&#8221;{}&#8221;][et_pb_text _builder_version=&#8221;4.20.0&#8243; _module_preset=&#8221;default&#8221; hover_enabled=&#8221;0&#8243; global_colors_info=&#8221;{}&#8221; sticky_enabled=&#8221;0&#8243;]<\/p>\n<h1>At your service for tree maintenance in Montreal, Laval, North Shore and Lanaudiere<\/h1>\n<p>Are you looking for a <strong>tree maintenance service in Montreal, Laval, Lanaudi\u00e8re, or on the North Shore<\/strong> and its surroundings? While contemplating your garden, your shrubs look like brushwood!<\/p>\n<p>[\/et_pb_text][\/et_pb_column][\/et_pb_row][et_pb_row column_structure=&#8221;1_3,2_3&#8243; _builder_version=&#8221;4.19.4&#8243; _module_preset=&#8221;default&#8221; global_colors_info=&#8221;{}&#8221;][et_pb_column type=&#8221;1_3&#8243; _builder_version=&#8221;4.19.4&#8243; _module_preset=&#8221;default&#8221; global_colors_info=&#8221;{}&#8221;][et_pb_image src=&#8221;https:\/\/www.service-darbres-stephane.com\/wp-content\/uploads\/2023\/03\/Service-entretien-arbres-a-Montreal-Services-Arbres-Stephanes.jpg&#8221; alt=&#8221;Tree maintenance service and tree planting in Montreal, Laval, Lanaudi\u00e8re or on the North Shore &#8211; Abattage Arbre Montr\u00e9al&#8221; title_text=&#8221;Tree maintenance service and tree planting in Montreal, Laval, Lanaudi\u00e8re or on the North Shore &#8211; Abattage Arbre Montr\u00e9al&#8221; _builder_version=&#8221;4.20.0&#8243; _module_preset=&#8221;default&#8221; global_colors_info=&#8221;{}&#8221;][\/et_pb_image][\/et_pb_column][et_pb_column type=&#8221;2_3&#8243; _builder_version=&#8221;4.19.4&#8243; _module_preset=&#8221;default&#8221; global_colors_info=&#8221;{}&#8221;][et_pb_text _builder_version=&#8221;4.20.0&#8243; _module_preset=&#8221;default&#8221; global_colors_info=&#8221;{}&#8221;]<\/p>\n<h3>A tree maintenance service, given that they regenerate systematically, grants them:<\/h3>\n<ul>\n<li>Maintain the health of the tree by removing dead, infected, or damaged branches;<\/li>\n<li>Ventilate the area between the branches and provide good light penetration;<\/li>\n<li>Encourage the growth of new cuttings and the dichotomy of branches;<\/li>\n<li>Structuring the trees and architecture of a particular form;<br \/>Give older plants the boost to rejuvenate;<\/li>\n<li>Allocate to fruit trees a more abundant picking and good quality fruit;<\/li>\n<\/ul>\n<p>It is essential to control them so as not to harm the growth of our plants. Immediately after transplanting a sapling, for its future health and balance, it is advisable to entrust this activity to experts.<\/p>\n<p>[\/et_pb_text][\/et_pb_column][\/et_pb_row][et_pb_row _builder_version=&#8221;4.20.0&#8243; _module_preset=&#8221;default&#8221; global_colors_info=&#8221;{}&#8221;][et_pb_column type=&#8221;4_4&#8243; _builder_version=&#8221;4.20.0&#8243; _module_preset=&#8221;default&#8221; global_colors_info=&#8221;{}&#8221;][et_pb_text _builder_version=&#8221;4.20.0&#8243; _module_preset=&#8221;default&#8221; global_colors_info=&#8221;{}&#8221;]<\/p>\n<h4>Different types of tree pruning:<\/h4>\n<p>[\/et_pb_text][\/et_pb_column][\/et_pb_row][et_pb_row column_structure=&#8221;1_2,1_2&#8243; _builder_version=&#8221;4.19.4&#8243; _module_preset=&#8221;default&#8221; global_colors_info=&#8221;{}&#8221;][et_pb_column type=&#8221;1_2&#8243; _builder_version=&#8221;4.19.4&#8243; _module_preset=&#8221;default&#8221; global_colors_info=&#8221;{}&#8221;][et_pb_text _builder_version=&#8221;4.20.0&#8243; _module_preset=&#8221;default&#8221; global_colors_info=&#8221;{}&#8221;]<\/p>\n<p><strong>Pruning at planting or dressing:<\/strong><\/p>\n<p>Reduction of the aerial parts by one-third in order to produce a certain symmetry between the branches and the roots damaged during the de-planting.<\/p>\n<p><strong>Training size:<\/strong><\/p>\n<p>Promotes its thrust and allows it to arrange its frame in order to give it a symmetrical shape. This pruning is done early in the spring before the buds burst.<\/p>\n<p><strong>Maintenance Size:<\/strong><\/p>\n<p>The annual process removes dead, broken, weakened branches, those that intersect or grow inward. It refreshes and influences the plants so that the light infiltrates them well in order to keep them healthy and improve their style.<\/p>\n<p><strong>Rejuvenation pruning:<\/strong><\/p>\n<p>Transform an old shrub to bring it back to life and youth. This pruning influences the growth of new stems in a desired axis taking over from the old branches. This pruning is done on long-standing untended shrubs, taking care to remove more than 30% of them at a time during the dormant period in the spring. It is also called cutback size.<\/p>\n<p>[\/et_pb_text][\/et_pb_column][et_pb_column type=&#8221;1_2&#8243; _builder_version=&#8221;4.19.4&#8243; _module_preset=&#8221;default&#8221; global_colors_info=&#8221;{}&#8221;][et_pb_text _builder_version=&#8221;4.20.0&#8243; _module_preset=&#8221;default&#8221; global_colors_info=&#8221;{}&#8221;]<\/p>\n<p><strong>Flowering size:<\/strong><\/p>\n<p>As for spring-flowering shrubs, pruning at an inappropriate period can be detrimental to flowering the following spring. In reality, these shrubs flower on the shoots of the previous year, so cutting them in the fall destroys all the flower-bearing stems. It is, therefore, necessary to prune them after flowering, to cause ramifications and promote balanced development.<\/p>\n<p><strong>Fruiting size:<\/strong><\/p>\n<p>Together with maintenance pruning, it has a decisive role in the growth of your fruit tree and the influence of its production. By determining the favorably well-placed buds, you will obtain a satisfactory quantitative and qualitative harvest. A professional pruner could certainly influence subsequent harvests by trying to convert wood production into fruit production.<\/p>\n<p>If the cut is well done, notwithstanding the wounds to the plants, it promotes hasty and total healing. Thus, to avoid the proliferation of micro-organisms, it is necessary to call on specialists in pruning trees and plants.<\/p>\n<p>[\/et_pb_text][\/et_pb_column][\/et_pb_row][et_pb_row _builder_version=&#8221;4.19.4&#8243; _module_preset=&#8221;default&#8221; global_colors_info=&#8221;{}&#8221;][et_pb_column type=&#8221;4_4&#8243; _builder_version=&#8221;4.19.4&#8243; _module_preset=&#8221;default&#8221; global_colors_info=&#8221;{}&#8221;][et_pb_text _builder_version=&#8221;4.20.0&#8243; _module_preset=&#8221;default&#8221; hover_enabled=&#8221;0&#8243; global_colors_info=&#8221;{}&#8221; sticky_enabled=&#8221;0&#8243;]<\/p>\n<p><strong>Final summary:<\/strong> Excellence in tree maintenance service in Montreal, Laval, Lanaudi\u00e8re, or on the North Shore and its surroundings is at Service d&#8217;Arbres St\u00e9phane that will find it!<\/p>\n<p>We are a responsible company, with qualified specialists, specialized equipment, personalized service, absolute quality, guaranteed satisfaction, and liability insurance. The mastery of expertise, it&#8217;s us!<\/p>\n<p>Service d&#8217;Arbres St\u00e9phane, masters all the techniques relating to the maintenance of trees. We have 20 years of experience in both the residential and commercial sectors. Our specialists have all the assets necessary to provide them with the best care in the rules of the art and professional ethics. In addition, we have state-of-the-art equipment that allows us to work efficiently, in addition to certifying unique and precise work in order to achieve neat sizes.<\/p>\n<p>At Service d&#8217;Arbres St\u00e9phane, we consider all the standards and rules in force established by the Soci\u00e9t\u00e9 Internationale d&#8217;Arboriculture-Qu\u00e9bec Inc. S.I.A.Q, the Bureau de normalization du Qu\u00e9bec as well as the regulations of your municipality so that tree maintenance complies with the ecological balance. We also have civil liability insurance of $5,000,000 for possible accidents or unforeseen situations.<\/p>\n<h3>Free quote service on the price of tree maintenance in Montreal, Laval, Lanaudi\u00e8re, and on the North Shore and its surroundings<\/h3>\n<p>Whatever the size of your tree maintenance project, you can trust our professionals. With our experienced and conscientious team, you are guaranteed a service that is as courteous as it is efficient.<\/p>\n<h4>We mainly offer our service of:<\/h4>\n<p><strong>Tree maintenance service in Montreal and its surroundings:<\/strong> Montreal-North, Montreal-West, Montreal-Centre, Montreal-East, Mont-Royal, Hampstead, C\u00f4te-Saint-Luc, Westmount, Beaconsfield, Baie-d&#8217;Urf\u00e9 , Dorval, Dollard-Des Ormeaux, Kirkland, Pointe-Claire, Sainte-Anne-de-Bellevue, Senneville, Anjou, C\u00f4te-des-Neiges, Notre-Dame-de-Gr\u00e2ce, Lachine, LaSalle, Ville-Saint-Laurent, The Plateau-Mont-Royal, \u00cele-Bizard, Sainte-Genevi\u00e8ve, Mercier, Hochelaga, Maisonneuve, Outremont, Pierrefonds, Roxboro, Rivi\u00e8re-des-Prairies, Pointe-aux-Trembles, Rosemont, La Petite-Patrie, Saint- Laurent, Saint-L\u00e9onard, Verdun, Ville-Marie, Villeray, Saint-Michel, Parc-Extension, etc.<\/p>\n<p><strong>Tree maintenance service in Laval and its surroundings:<\/strong> Auteuil, Chomedey, Duvernay, Duvernay-Est, Laval-des-Rapides, Pont-Viau, Sainte-Doroth\u00e9e, Saint-Fran\u00e7ois, Saint-Martin, Sainte-Rose, Saint-Vincent-de-Paul, Vimont, etc.<\/p>\n<p><strong>Tree maintenance service on the North Shore and its surroundings:<\/strong> Saint-Eustache, Sainte-Marthe-sur-le-Lac, Blainville, Boisbriand, Bois-des-Filion, Lorraine, Rosem\u00e8re, Sainte-Anne-des- Plains, Sainte-Th\u00e9r\u00e8se, etc.<\/p>\n<p><strong>Tree maintenance service in Lanaudi\u00e8re and its surroundings:<\/strong> Charlemagne, Lachenaie, Terrebonne, Mascouche, le Gardeur, Repentigny, Saint Sulpice, L&#8217;Assomption, Lavaltrie, L&#8217;\u00c9piphanie, etc.<\/p>\n<p>Do not hesitate to contact us at <strong>(514) 779-1032<\/strong> to obtain a <a href=\"https:\/\/www.service-darbres-stephane.com\/en\/submission\/\">free quote<\/a> for your tree maintenance service or cedar hedge trimming. Your loyalty is important to us and we thank you very much.<\/p>\n<p>[\/et_pb_text][\/et_pb_column][\/et_pb_row][\/et_pb_section][et_pb_section fb_built=&#8221;1&#8243; admin_label=&#8221;Section pre-foot&#8221; module_id=&#8221;prefootersection&#8221; _builder_version=&#8221;4.19.4&#8243; _module_preset=&#8221;default&#8221; saved_tabs=&#8221;all&#8221; global_colors_info=&#8221;{}&#8221;][et_pb_row _builder_version=&#8221;4.19.4&#8243; _module_preset=&#8221;default&#8221; global_colors_info=&#8221;{}&#8221;][et_pb_column type=&#8221;4_4&#8243; _builder_version=&#8221;4.19.4&#8243; _module_preset=&#8221;default&#8221; global_colors_info=&#8221;{}&#8221;][et_pb_blurb title=&#8221;Free quote&#8221; use_icon=&#8221;on&#8221; font_icon=&#8221;&#xf164;||fa||900&#8243; icon_color=&#8221;#333333&#8243; content_max_width=&#8221;804px&#8221; module_class=&#8221;colonnecentrale&#8221; _builder_version=&#8221;4.20.0&#8243; _module_preset=&#8221;default&#8221; header_text_align=&#8221;center&#8221; text_orientation=&#8221;center&#8221; hover_enabled=&#8221;0&#8243; global_colors_info=&#8221;{}&#8221; sticky_enabled=&#8221;0&#8243;]<\/p>\n<p>We have the skills and equipment you need for all your arboriculture projects.<\/p>\n<p><a href=\"https:\/\/www.service-darbres-stephane.com\/en\/submission\/\">Submit a quote now!<\/a><\/p>\n<p>[\/et_pb_blurb][\/et_pb_column][\/et_pb_row][\/et_pb_section][et_pb_section fb_built=&#8221;1&#8243; module_id=&#8221;sectionfooter&#8221; _builder_version=&#8221;4.19.4&#8243; _module_preset=&#8221;default&#8221; background_color=&#8221;#424242&#8243; saved_tabs=&#8221;all&#8221; global_colors_info=&#8221;{}&#8221;][et_pb_row column_structure=&#8221;1_4,1_4,1_4,1_4&#8243; _builder_version=&#8221;4.19.4&#8243; _module_preset=&#8221;default&#8221; global_colors_info=&#8221;{}&#8221;][et_pb_column type=&#8221;1_4&#8243; _builder_version=&#8221;4.19.4&#8243; _module_preset=&#8221;default&#8221; global_colors_info=&#8221;{}&#8221;][et_pb_text _builder_version=&#8221;4.20.0&#8243; _module_preset=&#8221;default&#8221; custom_margin=&#8221;||10px||false|false&#8221; custom_padding=&#8221;||||false|false&#8221; global_colors_info=&#8221;{}&#8221;]<\/p>\n<h3>Information<\/h3>\n<p class=\"footertext\">Abattage Arbre Montreal<\/p>\n<p class=\"footertext\">Phone : <a href=\"tel:514-914-1032\" data-mce-href=\"tel:514-914-1032\">514-914-1032<\/a><\/p>\n<p class=\"footertext\">E-mail : <a href=\"mailto:info@medialogueinc.ca\/service-darbres-stephane.com\" data-mce-href=\"mailto:info@medialogueinc.ca\/service-darbres-stephane.com\">info@medialogueinc.ca\/service-darbres-stephane.com<\/a><\/p>\n<p>[\/et_pb_text][et_pb_icon font_icon=&#8221;&#xe010;||divi||400&#8243; icon_color=&#8221;#FFFFFF&#8221; icon_width=&#8221;17px&#8221; url=&#8221;mailto:info@service-darbres-stephane.com&#8221; align=&#8221;left&#8221; _builder_version=&#8221;4.19.4&#8243; _module_preset=&#8221;default&#8221; background_color=&#8221;#109516&#8243; custom_padding=&#8221;7px|7px|7px|7px|false|false&#8221; border_radii=&#8221;on|50%|50%|50%|50%&#8221; global_colors_info=&#8221;{}&#8221; background__hover_enabled=&#8221;on|hover&#8221; background_color__hover=&#8221;#FFFFFF&#8221; background_enable_color__hover=&#8221;on&#8221; icon_color__hover_enabled=&#8221;on|hover&#8221; icon_color__hover=&#8221;#109516&#8243;][\/et_pb_icon][\/et_pb_column][et_pb_column type=&#8221;1_4&#8243; _builder_version=&#8221;4.19.4&#8243; _module_preset=&#8221;default&#8221; global_colors_info=&#8221;{}&#8221;][et_pb_text _builder_version=&#8221;4.20.0&#8243; _module_preset=&#8221;default&#8221; global_colors_info=&#8221;{}&#8221;]<\/p>\n<h3>Useful links<\/h3>\n<p>Welcome<br \/>Sitemap<br \/>Submission<\/p>\n<h3>Hours<\/h3>\n<p>24\/7<\/p>\n<p>[\/et_pb_text][\/et_pb_column][et_pb_column type=&#8221;1_4&#8243; _builder_version=&#8221;4.19.4&#8243; _module_preset=&#8221;default&#8221; global_colors_info=&#8221;{}&#8221;][et_pb_text _builder_version=&#8221;4.20.0&#8243; _module_preset=&#8221;default&#8221; global_colors_info=&#8221;{}&#8221;]<\/p>\n<h3>Service area<\/h3>\n<p>Montreal<br \/>Laval<br \/>North Shore<br \/>Lanaudi\u00e8re<\/p>\n<p>[\/et_pb_text][\/et_pb_column][et_pb_column type=&#8221;1_4&#8243; _builder_version=&#8221;4.19.4&#8243; _module_preset=&#8221;default&#8221; global_colors_info=&#8221;{}&#8221;][et_pb_text _builder_version=&#8221;4.19.4&#8243; _module_preset=&#8221;default&#8221; custom_margin=&#8221;||10px||false|false&#8221; global_colors_info=&#8221;{}&#8221;]<\/p>\n<p>Please share<\/p>\n<p>[\/et_pb_text][et_pb_social_media_follow use_icon_font_size=&#8221;on&#8221; _builder_version=&#8221;4.19.4&#8243; _module_preset=&#8221;default&#8221; border_radii=&#8221;on|50%|50%|50%|50%&#8221; global_colors_info=&#8221;{}&#8221; background__hover_enabled=&#8221;on|desktop&#8221;][et_pb_social_media_follow_network social_network=&#8221;facebook&#8221; url=&#8221;https:\/\/www.facebook.com\/servicedarbres&#8221; icon_color=&#8221;#FFFFFF&#8221; use_icon_font_size=&#8221;on&#8221; _builder_version=&#8221;4.19.4&#8243; _module_preset=&#8221;default&#8221; background_color=&#8221;#109516&#8243; background_enable_color=&#8221;on&#8221; global_colors_info=&#8221;{}&#8221; background__hover_enabled=&#8221;on|hover&#8221; background_color__hover=&#8221;#FFFFFF&#8221; background_enable_color__hover=&#8221;on&#8221; icon_color__hover_enabled=&#8221;on|hover&#8221; icon_color__hover=&#8221;#109516&#8243; follow_button=&#8221;off&#8221; url_new_window=&#8221;on&#8221;]facebook[\/et_pb_social_media_follow_network][et_pb_social_media_follow_network social_network=&#8221;twitter&#8221; url=&#8221;https:\/\/twitter.com\/intent\/tweet?url=https%3A%2F%2Fwww.service-darbres-stephane.com%2F&#8221; use_icon_font_size=&#8221;on&#8221; _builder_version=&#8221;4.19.4&#8243; _module_preset=&#8221;default&#8221; background_color=&#8221;#109516&#8243; background_enable_color=&#8221;on&#8221; global_colors_info=&#8221;{}&#8221; background__hover_enabled=&#8221;on|hover&#8221; background_color__hover=&#8221;#FFFFFF&#8221; background_enable_color__hover=&#8221;on&#8221; icon_color__hover_enabled=&#8221;on|hover&#8221; icon_color__hover=&#8221;#109516&#8243; follow_button=&#8221;off&#8221; url_new_window=&#8221;on&#8221;]twitter[\/et_pb_social_media_follow_network][\/et_pb_social_media_follow][\/et_pb_column][\/et_pb_row][\/et_pb_section]<\/p>\n","protected":false},"excerpt":{"rendered":"<p>At your service for tree maintenance in Montreal, Laval, North Shore and Lanaudiere Are you looking for a tree maintenance service in Montreal, Laval, Lanaudi\u00e8re, or on the North Shore and its surroundings? While contemplating your garden, your shrubs look like brushwood!A tree maintenance service, given that they regenerate systematically, grants them:Maintain the health of [&hellip;]<\/p>\n","protected":false},"author":1,"featured_media":0,"parent":0,"menu_order":0,"comment_status":"closed","ping_status":"closed","template":"","meta":{"_et_pb_use_builder":"on","_et_pb_old_content":"","_et_gb_content_width":"","footnotes":""},"class_list":["post-1415","page","type-page","status-publish","hentry"],"yoast_head":"<!-- This site is optimized with the Yoast SEO plugin v27.5 - https:\/\/yoast.com\/product\/yoast-seo-wordpress\/ -->\n<title>Tree maintenance service and tree planting in Montreal, Laval, ...<\/title>\n<meta name=\"description\" content=\"Tree maintenance service and tree planting in Montreal, Laval, Lanaudi\u00e8re or on the North Shore - Abattage Arbre Montreal\" \/>\n<meta name=\"robots\" content=\"index, follow, max-snippet:-1, max-image-preview:large, max-video-preview:-1\" \/>\n<link rel=\"canonical\" href=\"https:\/\/www.service-darbres-stephane.com\/en\/tree-maintenance\/\" \/>\n<meta property=\"og:locale\" content=\"en_US\" \/>\n<meta property=\"og:type\" content=\"article\" \/>\n<meta property=\"og:title\" content=\"Tree maintenance service and tree planting in Montreal, Laval, ...\" \/>\n<meta property=\"og:description\" content=\"Tree maintenance service and tree planting in Montreal, Laval, Lanaudi\u00e8re or on the North Shore - Abattage Arbre Montreal\" \/>\n<meta property=\"og:url\" content=\"https:\/\/www.service-darbres-stephane.com\/en\/tree-maintenance\/\" \/>\n<meta property=\"og:site_name\" content=\"Service d&#039;arbres St\u00e9phane\" \/>\n<meta property=\"article:modified_time\" content=\"2023-05-09T22:08:12+00:00\" \/>\n<meta name=\"twitter:card\" content=\"summary_large_image\" \/>\n<meta name=\"twitter:label1\" content=\"Est. reading time\" \/>\n\t<meta name=\"twitter:data1\" content=\"6 minutes\" \/>\n<script type=\"application\/ld+json\" class=\"yoast-schema-graph\">{\"@context\":\"https:\\\/\\\/schema.org\",\"@graph\":[{\"@type\":\"WebPage\",\"@id\":\"https:\\\/\\\/www.service-darbres-stephane.com\\\/en\\\/tree-maintenance\\\/\",\"url\":\"https:\\\/\\\/www.service-darbres-stephane.com\\\/en\\\/tree-maintenance\\\/\",\"name\":\"Tree maintenance service and tree planting in Montreal, Laval, ...\",\"isPartOf\":{\"@id\":\"https:\\\/\\\/www.service-darbres-stephane.com\\\/en\\\/#website\"},\"datePublished\":\"2023-03-16T18:26:13+00:00\",\"dateModified\":\"2023-05-09T22:08:12+00:00\",\"description\":\"Tree maintenance service and tree planting in Montreal, Laval, Lanaudi\u00e8re or on the North Shore - Abattage Arbre Montreal\",\"inLanguage\":\"en-US\",\"potentialAction\":[{\"@type\":\"ReadAction\",\"target\":[\"https:\\\/\\\/www.service-darbres-stephane.com\\\/en\\\/tree-maintenance\\\/\"]}]},{\"@type\":\"WebSite\",\"@id\":\"https:\\\/\\\/www.service-darbres-stephane.com\\\/en\\\/#website\",\"url\":\"https:\\\/\\\/www.service-darbres-stephane.com\\\/en\\\/\",\"name\":\"Service d&#039;arbres St\u00e9phane\",\"description\":\"Vous servir et nous faire payer avec le sourire est notre devise!\",\"potentialAction\":[{\"@type\":\"SearchAction\",\"target\":{\"@type\":\"EntryPoint\",\"urlTemplate\":\"https:\\\/\\\/www.service-darbres-stephane.com\\\/en\\\/?s={search_term_string}\"},\"query-input\":{\"@type\":\"PropertyValueSpecification\",\"valueRequired\":true,\"valueName\":\"search_term_string\"}}],\"inLanguage\":\"en-US\"}]}<\/script>\n<!-- \/ Yoast SEO plugin. -->","yoast_head_json":{"title":"Tree maintenance service and tree planting in Montreal, Laval, ...","description":"Tree maintenance service and tree planting in Montreal, Laval, Lanaudi\u00e8re or on the North Shore - Abattage Arbre Montreal","robots":{"index":"index","follow":"follow","max-snippet":"max-snippet:-1","max-image-preview":"max-image-preview:large","max-video-preview":"max-video-preview:-1"},"canonical":"https:\/\/www.service-darbres-stephane.com\/en\/tree-maintenance\/","og_locale":"en_US","og_type":"article","og_title":"Tree maintenance service and tree planting in Montreal, Laval, ...","og_description":"Tree maintenance service and tree planting in Montreal, Laval, Lanaudi\u00e8re or on the North Shore - Abattage Arbre Montreal","og_url":"https:\/\/www.service-darbres-stephane.com\/en\/tree-maintenance\/","og_site_name":"Service d&#039;arbres St\u00e9phane","article_modified_time":"2023-05-09T22:08:12+00:00","twitter_card":"summary_large_image","twitter_misc":{"Est. reading time":"6 minutes"},"schema":{"@context":"https:\/\/schema.org","@graph":[{"@type":"WebPage","@id":"https:\/\/www.service-darbres-stephane.com\/en\/tree-maintenance\/","url":"https:\/\/www.service-darbres-stephane.com\/en\/tree-maintenance\/","name":"Tree maintenance service and tree planting in Montreal, Laval, ...","isPartOf":{"@id":"https:\/\/www.service-darbres-stephane.com\/en\/#website"},"datePublished":"2023-03-16T18:26:13+00:00","dateModified":"2023-05-09T22:08:12+00:00","description":"Tree maintenance service and tree planting in Montreal, Laval, Lanaudi\u00e8re or on the North Shore - Abattage Arbre Montreal","inLanguage":"en-US","potentialAction":[{"@type":"ReadAction","target":["https:\/\/www.service-darbres-stephane.com\/en\/tree-maintenance\/"]}]},{"@type":"WebSite","@id":"https:\/\/www.service-darbres-stephane.com\/en\/#website","url":"https:\/\/www.service-darbres-stephane.com\/en\/","name":"Service d&#039;arbres St\u00e9phane","description":"Vous servir et nous faire payer avec le sourire est notre devise!","potentialAction":[{"@type":"SearchAction","target":{"@type":"EntryPoint","urlTemplate":"https:\/\/www.service-darbres-stephane.com\/en\/?s={search_term_string}"},"query-input":{"@type":"PropertyValueSpecification","valueRequired":true,"valueName":"search_term_string"}}],"inLanguage":"en-US"}]}},"_links":{"self":[{"href":"https:\/\/www.service-darbres-stephane.com\/en\/wp-json\/wp\/v2\/pages\/1415","targetHints":{"allow":["GET"]}}],"collection":[{"href":"https:\/\/www.service-darbres-stephane.com\/en\/wp-json\/wp\/v2\/pages"}],"about":[{"href":"https:\/\/www.service-darbres-stephane.com\/en\/wp-json\/wp\/v2\/types\/page"}],"author":[{"embeddable":true,"href":"https:\/\/www.service-darbres-stephane.com\/en\/wp-json\/wp\/v2\/users\/1"}],"replies":[{"embeddable":true,"href":"https:\/\/www.service-darbres-stephane.com\/en\/wp-json\/wp\/v2\/comments?post=1415"}],"version-history":[{"count":6,"href":"https:\/\/www.service-darbres-stephane.com\/en\/wp-json\/wp\/v2\/pages\/1415\/revisions"}],"predecessor-version":[{"id":1533,"href":"https:\/\/www.service-darbres-stephane.com\/en\/wp-json\/wp\/v2\/pages\/1415\/revisions\/1533"}],"wp:attachment":[{"href":"https:\/\/www.service-darbres-stephane.com\/en\/wp-json\/wp\/v2\/media?parent=1415"}],"curies":[{"name":"wp","href":"https:\/\/api.w.org\/{rel}","templated":true}]}}