{"id":1424,"date":"2023-03-14T20:16:09","date_gmt":"2023-03-14T20:16:09","guid":{"rendered":"https:\/\/www.service-darbres-stephane.com\/faq\/"},"modified":"2024-05-09T17:07:23","modified_gmt":"2024-05-09T17:07:23","slug":"faq","status":"publish","type":"page","link":"https:\/\/www.service-darbres-stephane.com\/en\/faq\/","title":{"rendered":"FAQ"},"content":{"rendered":"<p>[et_pb_section fb_built=&#8221;1&#8243; _builder_version=&#8221;4.19.4&#8243; _module_preset=&#8221;default&#8221; background_color=&#8221;#e6e6e6&#8243; global_colors_info=&#8221;{}&#8221;][et_pb_row _builder_version=&#8221;4.19.4&#8243; _module_preset=&#8221;default&#8221; global_colors_info=&#8221;{}&#8221;][et_pb_column type=&#8221;4_4&#8243; _builder_version=&#8221;4.19.4&#8243; _module_preset=&#8221;default&#8221; global_colors_info=&#8221;{}&#8221;][et_pb_text _builder_version=&#8221;4.25.0&#8243; _module_preset=&#8221;default&#8221; global_colors_info=&#8221;{}&#8221;]<\/p>\n<h1><span style=\"font-weight: 400;\">FAQ &#8211; Service d&#8217;Arbre Stephane<\/span><\/h1>\n<p>[\/et_pb_text][et_pb_accordion _builder_version=&#8221;4.25.0&#8243; _module_preset=&#8221;default&#8221; hover_enabled=&#8221;0&#8243; global_colors_info=&#8221;{}&#8221; sticky_enabled=&#8221;0&#8243;][et_pb_accordion_item title=&#8221;Do you have accreditation or liability insurance so that your work complies with regulations?&#8221; open=&#8221;on&#8221; _builder_version=&#8221;4.25.0&#8243; _module_preset=&#8221;default&#8221; hover_enabled=&#8221;0&#8243; global_colors_info=&#8221;{}&#8221; sticky_enabled=&#8221;0&#8243;]<\/p>\n<p>At Service d&#8217;Arbres St\u00e9phane, we consider all the standards and rules in force established by the <a href=\"https:\/\/www.siaq.org\/\">Soci\u00e9t\u00e9 Internationale d&#8217;Arboriculture-Qu\u00e9bec Inc. S.I.A.Q,<\/a> the Bureau de normalization du Qu\u00e9bec as well as the regulations of your municipality so that your work complies with the ecological balance. We also have civil liability insurance of $5,000,000 for possible accidents or unforeseen situations.<\/p>\n<p>[\/et_pb_accordion_item][et_pb_accordion_item title=&#8221;Why hire an arborist ?&#8221; _builder_version=&#8221;4.25.0&#8243; _module_preset=&#8221;default&#8221; global_colors_info=&#8221;{}&#8221; open=&#8221;off&#8221;]<\/p>\n<p>An arborist or arborist has received relevant training and has the proper equipment to provide the required care. Using the services of an arborist is a safe investment and a guarantee of work that complies with municipal standards. This work should therefore only be entrusted to specialists in the field who are equipped to work in complete safety.<\/p>\n<p>[\/et_pb_accordion_item][et_pb_accordion_item title=&#8221;How can I recognize a sick or dangerous tree?&#8221; _builder_version=&#8221;4.25.0&#8243; _module_preset=&#8221;default&#8221; global_colors_info=&#8221;{}&#8221; open=&#8221;off&#8221;]<\/p>\n<p>The presence of dead branches, fungi, or splits are signs of degeneration of a tree. Service d&#8217;Arbres St\u00e9phane strongly recommends that you have your trees regularly inspected to identify the potential risks associated with the degradation of your trees in order to adopt the right treatment when necessary. Call on professionals trained in arboriculture.<\/p>\n<p>[\/et_pb_accordion_item][et_pb_accordion_item title=&#8221;I think my tree is affected by the emerald ash borer. What should I do?&#8221; _builder_version=&#8221;4.25.0&#8243; _module_preset=&#8221;default&#8221; global_colors_info=&#8221;{}&#8221; open=&#8221;off&#8221;]<\/p>\n<p>The emerald ash borer is an invasive species that is very harmful to ash trees. The most obvious sign of an emerald ash borer infestation is a sudden decline in the health of your ash tree and the presence of distinct D-shaped holes. The health of your tree can best be diagnosed by consulting, Service d&#8217;Arbres St\u00e9phane, a certified arborist, and an arborist, who will examine the problem on-site.<\/p>\n<p>[\/et_pb_accordion_item][et_pb_accordion_item title=&#8221;What is the difference between a tree pruning or pruning service?&#8221; _builder_version=&#8221;4.25.0&#8243; _module_preset=&#8221;default&#8221; global_colors_info=&#8221;{}&#8221; open=&#8221;off&#8221;]<\/p>\n<p>When it comes to pruning, we are talking about huge trees or mature trees, but when it comes to pruning, we will maintain a shrub or a fruit tree. The younger it is, the easier it is to structure it to have the desired natural appearance. Through this aesthetic operation, we will remove the new branches and part of the shoots that we will see at the terminal part of the branches to equalize its top, without cutting it by more than 30%.<\/p>\n<p>[\/et_pb_accordion_item][et_pb_accordion_item title=&#8221;When should you prune?&#8221; _builder_version=&#8221;4.20.0&#8243; _module_preset=&#8221;default&#8221; global_colors_info=&#8221;{}&#8221; open=&#8221;off&#8221;]<\/p>\n<p>Generally, the best time to prune is towards the end of winter for fruit trees, all other trees can be pruned at any time throughout the year.<\/p>\n<p>[\/et_pb_accordion_item][et_pb_accordion_item title=&#8221;Will your pruning, pruning, stump removal, \u2026 damage my land?&#8221; _builder_version=&#8221;4.25.0&#8243; _module_preset=&#8221;default&#8221; global_colors_info=&#8221;{}&#8221; open=&#8221;off&#8221;]<\/p>\n<p>At Service d&#8217;Arbres St\u00e9phane, the use of recognized methods and specialized equipment designed to avoid dragging trunks and branches on your lawn greatly reduces the risk of accidents and property damage. At the end of each project, our team takes great care to thoroughly clean your land after their visit.<\/p>\n<p>[\/et_pb_accordion_item][et_pb_accordion_item title=&#8221;How far should my tree branches be from electrical wires?&#8221; _builder_version=&#8221;4.25.0&#8243; _module_preset=&#8221;default&#8221; global_colors_info=&#8221;{}&#8221; open=&#8221;off&#8221;]<\/p>\n<p>If branches or parts of your tree are near electrical wires, it will be your responsibility to clear the electrical wires, either to prune or prune them. In certain situations, you will have to contact <a href=\"https:\/\/www.hydroquebec.com\/residentiel\/\">Hydro-Qu\u00e9bec<\/a> to send you a team authorized to carry out work near the electrical network. It is therefore the responsibility of the owner to hire a certified arborist company to maintain the free connection of any branch or tree trunk that could harm or damage the cables.<\/p>\n<p>[\/et_pb_accordion_item][\/et_pb_accordion][\/et_pb_column][\/et_pb_row][\/et_pb_section][et_pb_section fb_built=&#8221;1&#8243; admin_label=&#8221;Section pre-foot&#8221; module_id=&#8221;prefootersection&#8221; _builder_version=&#8221;4.19.4&#8243; _module_preset=&#8221;default&#8221; saved_tabs=&#8221;all&#8221; global_colors_info=&#8221;{}&#8221;][et_pb_row _builder_version=&#8221;4.19.4&#8243; _module_preset=&#8221;default&#8221; global_colors_info=&#8221;{}&#8221;][et_pb_column type=&#8221;4_4&#8243; _builder_version=&#8221;4.19.4&#8243; _module_preset=&#8221;default&#8221; global_colors_info=&#8221;{}&#8221;][et_pb_blurb title=&#8221;Free quote&#8221; use_icon=&#8221;on&#8221; font_icon=&#8221;&#xf164;||fa||900&#8243; icon_color=&#8221;#333333&#8243; content_max_width=&#8221;804px&#8221; module_class=&#8221;colonnecentrale&#8221; _builder_version=&#8221;4.20.0&#8243; _module_preset=&#8221;default&#8221; header_text_align=&#8221;center&#8221; text_orientation=&#8221;center&#8221; global_colors_info=&#8221;{}&#8221;]<\/p>\n<p>We have the skills and equipment you need for all your arboriculture projects.<\/p>\n<p><a href=\"https:\/\/www.service-darbres-stephane.com\/en\/submission\/\">Submit a quote now!<\/a><\/p>\n<p>[\/et_pb_blurb][\/et_pb_column][\/et_pb_row][\/et_pb_section][et_pb_section fb_built=&#8221;1&#8243; module_id=&#8221;sectionfooter&#8221; _builder_version=&#8221;4.19.4&#8243; _module_preset=&#8221;default&#8221; background_color=&#8221;#424242&#8243; saved_tabs=&#8221;all&#8221; global_colors_info=&#8221;{}&#8221;][et_pb_row column_structure=&#8221;1_4,1_4,1_4,1_4&#8243; _builder_version=&#8221;4.19.4&#8243; _module_preset=&#8221;default&#8221; global_colors_info=&#8221;{}&#8221;][et_pb_column type=&#8221;1_4&#8243; _builder_version=&#8221;4.19.4&#8243; _module_preset=&#8221;default&#8221; global_colors_info=&#8221;{}&#8221;][et_pb_text _builder_version=&#8221;4.19.4&#8243; _module_preset=&#8221;default&#8221; custom_margin=&#8221;||10px||false|false&#8221; custom_padding=&#8221;||||false|false&#8221; global_colors_info=&#8221;{}&#8221;]<\/p>\n<h3>Information<\/h3>\n<p class=\"footertext\">Abattage Arbre Montreal<\/p>\n<p class=\"footertext\">Phone : <a href=\"tel:514%E2%80%91914%E2%80%911032\" data-global=\"phone\" data-track-event=\"click\" data-track-action=\"phone_link\" data-mce-href=\"tel:514%E2%80%91914%E2%80%911032\">514-914-1032<\/a><\/p>\n<p class=\"footertext\">E-mail : <a href=\"mailto:info@service-darbres-stephane.com\" data-track-event=\"click\" data-track-action=\"email_link\" data-mce-href=\"mailto:info@service-darbres-stephane.com\">info@service-darbres-stephane.com<\/a><\/p>\n<p>[\/et_pb_text][et_pb_icon font_icon=&#8221;&#xe010;||divi||400&#8243; icon_color=&#8221;#FFFFFF&#8221; icon_width=&#8221;17px&#8221; url=&#8221;mailto:info@service-darbres-stephane.com&#8221; align=&#8221;left&#8221; _builder_version=&#8221;4.19.4&#8243; _module_preset=&#8221;default&#8221; background_color=&#8221;#109516&#8243; custom_padding=&#8221;7px|7px|7px|7px|false|false&#8221; border_radii=&#8221;on|50%|50%|50%|50%&#8221; global_colors_info=&#8221;{}&#8221; background__hover_enabled=&#8221;on|hover&#8221; background_color__hover=&#8221;#FFFFFF&#8221; background_enable_color__hover=&#8221;on&#8221; icon_color__hover_enabled=&#8221;on|hover&#8221; icon_color__hover=&#8221;#109516&#8243;][\/et_pb_icon][\/et_pb_column][et_pb_column type=&#8221;1_4&#8243; _builder_version=&#8221;4.19.4&#8243; _module_preset=&#8221;default&#8221; global_colors_info=&#8221;{}&#8221;][et_pb_text _builder_version=&#8221;4.19.4&#8243; _module_preset=&#8221;default&#8221; global_colors_info=&#8221;{}&#8221;]<\/p>\n<h3>Hours<\/h3>\n<p>24\/7<\/p>\n<p>[\/et_pb_text][\/et_pb_column][et_pb_column type=&#8221;1_4&#8243; _builder_version=&#8221;4.19.4&#8243; _module_preset=&#8221;default&#8221; global_colors_info=&#8221;{}&#8221;][et_pb_text _builder_version=&#8221;4.19.4&#8243; _module_preset=&#8221;default&#8221; global_colors_info=&#8221;{}&#8221;]<\/p>\n<h3>Service area<\/h3>\n<p>Montreal<br \/>Laval<br \/>North Shore<\/p>\n<p>[\/et_pb_text][\/et_pb_column][et_pb_column type=&#8221;1_4&#8243; _builder_version=&#8221;4.19.4&#8243; _module_preset=&#8221;default&#8221; global_colors_info=&#8221;{}&#8221;][et_pb_text _builder_version=&#8221;4.19.4&#8243; _module_preset=&#8221;default&#8221; custom_margin=&#8221;||10px||false|false&#8221; global_colors_info=&#8221;{}&#8221;]<\/p>\n<p>Please share<\/p>\n<p>[\/et_pb_text][et_pb_social_media_follow use_icon_font_size=&#8221;on&#8221; _builder_version=&#8221;4.19.4&#8243; _module_preset=&#8221;default&#8221; border_radii=&#8221;on|50%|50%|50%|50%&#8221; global_colors_info=&#8221;{}&#8221; background__hover_enabled=&#8221;on|desktop&#8221;][et_pb_social_media_follow_network social_network=&#8221;facebook&#8221; url=&#8221;https:\/\/www.facebook.com\/servicedarbres&#8221; icon_color=&#8221;#FFFFFF&#8221; use_icon_font_size=&#8221;on&#8221; _builder_version=&#8221;4.19.4&#8243; _module_preset=&#8221;default&#8221; background_color=&#8221;#109516&#8243; background_enable_color=&#8221;on&#8221; global_colors_info=&#8221;{}&#8221; background__hover_enabled=&#8221;on|hover&#8221; background_color__hover=&#8221;#FFFFFF&#8221; background_enable_color__hover=&#8221;on&#8221; icon_color__hover_enabled=&#8221;on|hover&#8221; icon_color__hover=&#8221;#109516&#8243; follow_button=&#8221;off&#8221; url_new_window=&#8221;on&#8221;]facebook[\/et_pb_social_media_follow_network][et_pb_social_media_follow_network social_network=&#8221;twitter&#8221; url=&#8221;https:\/\/twitter.com\/intent\/tweet?url=https%3A%2F%2Fwww.service-darbres-stephane.com%2F&#8221; use_icon_font_size=&#8221;on&#8221; _builder_version=&#8221;4.19.4&#8243; _module_preset=&#8221;default&#8221; background_color=&#8221;#109516&#8243; background_enable_color=&#8221;on&#8221; global_colors_info=&#8221;{}&#8221; background__hover_enabled=&#8221;on|hover&#8221; background_color__hover=&#8221;#FFFFFF&#8221; background_enable_color__hover=&#8221;on&#8221; icon_color__hover_enabled=&#8221;on|hover&#8221; icon_color__hover=&#8221;#109516&#8243; follow_button=&#8221;off&#8221; url_new_window=&#8221;on&#8221;]twitter[\/et_pb_social_media_follow_network][\/et_pb_social_media_follow][\/et_pb_column][\/et_pb_row][\/et_pb_section]<\/p>\n","protected":false},"excerpt":{"rendered":"<p>FAQ &#8211; Service d&#8217;Arbre StephaneAt Service d&#8217;Arbres St\u00e9phane, we consider all the standards and rules in force established by the Soci\u00e9t\u00e9 Internationale d&#8217;Arboriculture-Qu\u00e9bec Inc. S.I.A.Q, the Bureau de normalization du Qu\u00e9bec as well as the regulations of your municipality so that your work complies with the ecological balance. We also have civil liability insurance of [&hellip;]<\/p>\n","protected":false},"author":1,"featured_media":0,"parent":0,"menu_order":0,"comment_status":"closed","ping_status":"closed","template":"","meta":{"_et_pb_use_builder":"on","_et_pb_old_content":"","_et_gb_content_width":"","footnotes":""},"class_list":["post-1424","page","type-page","status-publish","hentry"],"yoast_head":"<!-- This site is optimized with the Yoast SEO plugin v27.5 - https:\/\/yoast.com\/product\/yoast-seo-wordpress\/ -->\n<title>FAQ - Abattage Arbre Montreal answers all of your questions<\/title>\n<meta name=\"description\" content=\"FAQ - Abattage Arbre Montreal answers all of your questions regarding our services in Montreal, Laval, North-Shore and Lanaudiere\" \/>\n<meta name=\"robots\" content=\"index, follow, max-snippet:-1, max-image-preview:large, max-video-preview:-1\" \/>\n<link rel=\"canonical\" href=\"https:\/\/www.service-darbres-stephane.com\/en\/faq\/\" \/>\n<meta property=\"og:locale\" content=\"en_US\" \/>\n<meta property=\"og:type\" content=\"article\" \/>\n<meta property=\"og:title\" content=\"FAQ - Abattage Arbre Montreal answers all of your questions\" \/>\n<meta property=\"og:description\" content=\"FAQ - Abattage Arbre Montreal answers all of your questions regarding our services in Montreal, Laval, North-Shore and Lanaudiere\" \/>\n<meta property=\"og:url\" content=\"https:\/\/www.service-darbres-stephane.com\/en\/faq\/\" \/>\n<meta property=\"og:site_name\" content=\"Service d&#039;arbres St\u00e9phane\" \/>\n<meta property=\"article:modified_time\" content=\"2024-05-09T17:07:23+00:00\" \/>\n<meta name=\"twitter:card\" content=\"summary_large_image\" \/>\n<meta name=\"twitter:label1\" content=\"Est. reading time\" \/>\n\t<meta name=\"twitter:data1\" content=\"4 minutes\" \/>\n<script type=\"application\/ld+json\" class=\"yoast-schema-graph\">{\"@context\":\"https:\\\/\\\/schema.org\",\"@graph\":[{\"@type\":\"WebPage\",\"@id\":\"https:\\\/\\\/www.service-darbres-stephane.com\\\/en\\\/faq\\\/\",\"url\":\"https:\\\/\\\/www.service-darbres-stephane.com\\\/en\\\/faq\\\/\",\"name\":\"FAQ - Abattage Arbre Montreal answers all of your questions\",\"isPartOf\":{\"@id\":\"https:\\\/\\\/www.service-darbres-stephane.com\\\/en\\\/#website\"},\"datePublished\":\"2023-03-14T20:16:09+00:00\",\"dateModified\":\"2024-05-09T17:07:23+00:00\",\"description\":\"FAQ - Abattage Arbre Montreal answers all of your questions regarding our services in Montreal, Laval, North-Shore and Lanaudiere\",\"inLanguage\":\"en-US\",\"potentialAction\":[{\"@type\":\"ReadAction\",\"target\":[\"https:\\\/\\\/www.service-darbres-stephane.com\\\/en\\\/faq\\\/\"]}]},{\"@type\":\"WebSite\",\"@id\":\"https:\\\/\\\/www.service-darbres-stephane.com\\\/en\\\/#website\",\"url\":\"https:\\\/\\\/www.service-darbres-stephane.com\\\/en\\\/\",\"name\":\"Service d&#039;arbres St\u00e9phane\",\"description\":\"Vous servir et nous faire payer avec le sourire est notre devise!\",\"potentialAction\":[{\"@type\":\"SearchAction\",\"target\":{\"@type\":\"EntryPoint\",\"urlTemplate\":\"https:\\\/\\\/www.service-darbres-stephane.com\\\/en\\\/?s={search_term_string}\"},\"query-input\":{\"@type\":\"PropertyValueSpecification\",\"valueRequired\":true,\"valueName\":\"search_term_string\"}}],\"inLanguage\":\"en-US\"}]}<\/script>\n<!-- \/ Yoast SEO plugin. -->","yoast_head_json":{"title":"FAQ - Abattage Arbre Montreal answers all of your questions","description":"FAQ - Abattage Arbre Montreal answers all of your questions regarding our services in Montreal, Laval, North-Shore and Lanaudiere","robots":{"index":"index","follow":"follow","max-snippet":"max-snippet:-1","max-image-preview":"max-image-preview:large","max-video-preview":"max-video-preview:-1"},"canonical":"https:\/\/www.service-darbres-stephane.com\/en\/faq\/","og_locale":"en_US","og_type":"article","og_title":"FAQ - Abattage Arbre Montreal answers all of your questions","og_description":"FAQ - Abattage Arbre Montreal answers all of your questions regarding our services in Montreal, Laval, North-Shore and Lanaudiere","og_url":"https:\/\/www.service-darbres-stephane.com\/en\/faq\/","og_site_name":"Service d&#039;arbres St\u00e9phane","article_modified_time":"2024-05-09T17:07:23+00:00","twitter_card":"summary_large_image","twitter_misc":{"Est. reading time":"4 minutes"},"schema":{"@context":"https:\/\/schema.org","@graph":[{"@type":"WebPage","@id":"https:\/\/www.service-darbres-stephane.com\/en\/faq\/","url":"https:\/\/www.service-darbres-stephane.com\/en\/faq\/","name":"FAQ - Abattage Arbre Montreal answers all of your questions","isPartOf":{"@id":"https:\/\/www.service-darbres-stephane.com\/en\/#website"},"datePublished":"2023-03-14T20:16:09+00:00","dateModified":"2024-05-09T17:07:23+00:00","description":"FAQ - Abattage Arbre Montreal answers all of your questions regarding our services in Montreal, Laval, North-Shore and Lanaudiere","inLanguage":"en-US","potentialAction":[{"@type":"ReadAction","target":["https:\/\/www.service-darbres-stephane.com\/en\/faq\/"]}]},{"@type":"WebSite","@id":"https:\/\/www.service-darbres-stephane.com\/en\/#website","url":"https:\/\/www.service-darbres-stephane.com\/en\/","name":"Service d&#039;arbres St\u00e9phane","description":"Vous servir et nous faire payer avec le sourire est notre devise!","potentialAction":[{"@type":"SearchAction","target":{"@type":"EntryPoint","urlTemplate":"https:\/\/www.service-darbres-stephane.com\/en\/?s={search_term_string}"},"query-input":{"@type":"PropertyValueSpecification","valueRequired":true,"valueName":"search_term_string"}}],"inLanguage":"en-US"}]}},"_links":{"self":[{"href":"https:\/\/www.service-darbres-stephane.com\/en\/wp-json\/wp\/v2\/pages\/1424","targetHints":{"allow":["GET"]}}],"collection":[{"href":"https:\/\/www.service-darbres-stephane.com\/en\/wp-json\/wp\/v2\/pages"}],"about":[{"href":"https:\/\/www.service-darbres-stephane.com\/en\/wp-json\/wp\/v2\/types\/page"}],"author":[{"embeddable":true,"href":"https:\/\/www.service-darbres-stephane.com\/en\/wp-json\/wp\/v2\/users\/1"}],"replies":[{"embeddable":true,"href":"https:\/\/www.service-darbres-stephane.com\/en\/wp-json\/wp\/v2\/comments?post=1424"}],"version-history":[{"count":8,"href":"https:\/\/www.service-darbres-stephane.com\/en\/wp-json\/wp\/v2\/pages\/1424\/revisions"}],"predecessor-version":[{"id":3261,"href":"https:\/\/www.service-darbres-stephane.com\/en\/wp-json\/wp\/v2\/pages\/1424\/revisions\/3261"}],"wp:attachment":[{"href":"https:\/\/www.service-darbres-stephane.com\/en\/wp-json\/wp\/v2\/media?parent=1424"}],"curies":[{"name":"wp","href":"https:\/\/api.w.org\/{rel}","templated":true}]}}