{"id":1460,"date":"2023-03-16T20:25:17","date_gmt":"2023-03-16T20:25:17","guid":{"rendered":"https:\/\/www.service-darbres-stephane.com\/served-territories\/"},"modified":"2024-03-28T19:35:25","modified_gmt":"2024-03-28T19:35:25","slug":"served-territories","status":"publish","type":"page","link":"https:\/\/www.service-darbres-stephane.com\/en\/served-territories\/","title":{"rendered":"Served Territories"},"content":{"rendered":"<p>[et_pb_section fb_built=&#8221;1&#8243; _builder_version=&#8221;4.19.4&#8243; _module_preset=&#8221;default&#8221; background_color=&#8221;#e6e6e6&#8243; global_colors_info=&#8221;{}&#8221;][et_pb_row _builder_version=&#8221;4.19.4&#8243; _module_preset=&#8221;default&#8221; global_colors_info=&#8221;{}&#8221;][et_pb_column type=&#8221;4_4&#8243; _builder_version=&#8221;4.19.4&#8243; _module_preset=&#8221;default&#8221; global_colors_info=&#8221;{}&#8221;][et_pb_text _builder_version=&#8221;4.24.2&#8243; _module_preset=&#8221;default&#8221; global_colors_info=&#8221;{}&#8221;]<\/p>\n<div id=\"1462769274\" class=\"dmNewParagraph\" data-element-type=\"paragraph\" data-version=\"5\">\n<h1 class=\"text-align-center\" style=\"text-align: center;\">Areas Served<\/h1>\n<\/div>\n<div id=\"1050802727\" class=\"dmNewParagraph\" data-element-type=\"paragraph\" data-version=\"5\">\n<h3 class=\"text-align-center\" style=\"text-align: center;color:#333;\">Wherever you are, we&#8217;ll be there too<\/h3>\n<\/div>\n<p>[\/et_pb_text][et_pb_button button_url=&#8221;\/en-ca\/contact-us&#8221; button_text=&#8221;CONTACT US&#8221; button_alignment=&#8221;center&#8221; _builder_version=&#8221;4.24.2&#8243; _module_preset=&#8221;default&#8221; custom_button=&#8221;on&#8221; button_text_color=&#8221;#FFFFFF&#8221; button_bg_color=&#8221;gcid-4ce28fe1-32bf-4046-88cc-917c6fe5a458&#8243; button_border_width=&#8221;0px&#8221; button_use_icon=&#8221;off&#8221; global_colors_info=&#8221;{%22gcid-4ce28fe1-32bf-4046-88cc-917c6fe5a458%22:%91%22button_bg_color%22%93}&#8221;][\/et_pb_button][\/et_pb_column][\/et_pb_row][\/et_pb_section][et_pb_section fb_built=&#8221;1&#8243; _builder_version=&#8221;4.24.2&#8243; _module_preset=&#8221;default&#8221; custom_css_free_form=&#8221;ul,li{||  list-style-type:none;||}&#8221; global_colors_info=&#8221;{}&#8221;][et_pb_row _builder_version=&#8221;4.24.2&#8243; _module_preset=&#8221;default&#8221; background_color=&#8221;gcid-4ce28fe1-32bf-4046-88cc-917c6fe5a458&#8243; global_colors_info=&#8221;{%22gcid-4ce28fe1-32bf-4046-88cc-917c6fe5a458%22:%91%22background_color%22%93}&#8221;][et_pb_column type=&#8221;4_4&#8243; _builder_version=&#8221;4.24.2&#8243; _module_preset=&#8221;default&#8221; global_colors_info=&#8221;{}&#8221;][et_pb_text _builder_version=&#8221;4.24.2&#8243; _module_preset=&#8221;default&#8221; global_colors_info=&#8221;{}&#8221;]<\/p>\n<h2 class=\"text-align-center\" style=\"text-align: center; padding-bottom: 0; font-size: 26px; color: #fff;\">Service Areas<\/h2>\n<p>[\/et_pb_text][\/et_pb_column][\/et_pb_row][et_pb_row column_structure=&#8221;1_4,1_4,1_4,1_4&#8243; _builder_version=&#8221;4.20.0&#8243; _module_preset=&#8221;default&#8221; global_colors_info=&#8221;{}&#8221;][et_pb_column type=&#8221;1_4&#8243; _builder_version=&#8221;4.20.0&#8243; _module_preset=&#8221;default&#8221; global_colors_info=&#8221;{}&#8221;][et_pb_text admin_label=&#8221;Texte&#8221; _builder_version=&#8221;4.24.2&#8243; _module_preset=&#8221;default&#8221; text_orientation=&#8221;center&#8221; global_colors_info=&#8221;{}&#8221;]<\/p>\n<h2 style=\"text-align: center;\">Montr\u00e9al<\/h2>\n<ul>\n<li style=\"text-align: center;\">Ahuntsic<\/li>\n<li style=\"text-align: center;\">Anjou<\/li>\n<li style=\"text-align: center;\">Beaconsfield<\/li>\n<li style=\"text-align: center;\">Cartierville<\/li>\n<li style=\"text-align: center;\">C\u00f4te-des-Neiges<\/li>\n<li style=\"text-align: center;\">C\u00f4te-Sainte-Catherine<\/li>\n<li style=\"text-align: center;\">C\u00f4te-Saint-Luc<\/li>\n<li style=\"text-align: center;\">Dollard-des-Ormeaux<\/li>\n<li style=\"text-align: center;\">Dorval<\/li>\n<li style=\"text-align: center;\">Hampstead<\/li>\n<li style=\"text-align: center;\">Hochelaga-Maisonneuve<\/li>\n<li style=\"text-align: center;\">\u00cele-Bizard<\/li>\n<li style=\"text-align: center;\">\u00cele-des-S\u0153urs<\/li>\n<li style=\"text-align: center;\">Kirkland<\/li>\n<li style=\"text-align: center;\">Lachine<\/li>\n<li style=\"text-align: center;\">LaSalle<\/li>\n<li style=\"text-align: center;\">Mercier<\/li>\n<li style=\"text-align: center;\">Montr\u00e9al centre-ville<\/li>\n<li style=\"text-align: center;\">Montr\u00e9al-Est<\/li>\n<li style=\"text-align: center;\">Montr\u00e9al-Nord<\/li>\n<li style=\"text-align: center;\">Notre-Dame-de-Gr\u00e2ce<\/li>\n<li style=\"text-align: center;\">Outremont<\/li>\n<li style=\"text-align: center;\">Parc-Extension<\/li>\n<li style=\"text-align: center;\">Pierrefonds<\/li>\n<li style=\"text-align: center;\">Plateau-Mont-Royal<\/li>\n<li style=\"text-align: center;\">Pointe-aux-Trembles<\/li>\n<li style=\"text-align: center;\">Pointe-Claire<\/li>\n<li style=\"text-align: center;\">Pointe-Saint-Charles<\/li>\n<li style=\"text-align: center;\">Queen-Mary<\/li>\n<li style=\"text-align: center;\">Rivi\u00e8re-des-Prairies<\/li>\n<li style=\"text-align: center;\">Rosemont-La Petite-Patrie<\/li>\n<li style=\"text-align: center;\">Snowdon<\/li>\n<li style=\"text-align: center;\">Saint-Henri<\/li>\n<li style=\"text-align: center;\">Saint-Michel<\/li>\n<li style=\"text-align: center;\">Saint-Laurent<\/li>\n<li style=\"text-align: center;\">Saint-L\u00e9onard<\/li>\n<li style=\"text-align: center;\">Verdun<\/li>\n<li style=\"text-align: center;\">Ville-\u00c9mard<\/li>\n<li style=\"text-align: center;\">Ville-Marie<\/li>\n<li style=\"text-align: center;\">Villeray<\/li>\n<li style=\"text-align: center;\">Westmount<\/li>\n<\/ul>\n<p>[\/et_pb_text][\/et_pb_column][et_pb_column type=&#8221;1_4&#8243; _builder_version=&#8221;4.20.0&#8243; _module_preset=&#8221;default&#8221; global_colors_info=&#8221;{}&#8221;][et_pb_text admin_label=&#8221;Texte&#8221; _builder_version=&#8221;4.24.2&#8243; _module_preset=&#8221;default&#8221; text_orientation=&#8221;center&#8221; global_colors_info=&#8221;{}&#8221;]<\/p>\n<h2 style=\"text-align: center;\">Laval<\/h2>\n<ul>\n<li style=\"text-align: center;\">Auteuil<\/li>\n<li style=\"text-align: center;\">Chomedey<\/li>\n<li style=\"text-align: center;\">Duvernay<\/li>\n<li style=\"text-align: center;\">Duvernay Est<\/li>\n<li style=\"text-align: center;\">Laval-des-Rapides<\/li>\n<li style=\"text-align: center;\">Pont-Viau<\/li>\n<li style=\"text-align: center;\">Sainte-Doroth\u00e9e<\/li>\n<li style=\"text-align: center;\">Saint-Fran\u00e7ois<\/li>\n<li style=\"text-align: center;\">Saint-Martin<\/li>\n<li style=\"text-align: center;\">Sainte-Rose<\/li>\n<li style=\"text-align: center;\">Saint-Vincent-de-Paul<\/li>\n<li style=\"text-align: center;\">Vimont<\/li>\n<\/ul>\n<p>[\/et_pb_text][\/et_pb_column][et_pb_column type=&#8221;1_4&#8243; _builder_version=&#8221;4.20.0&#8243; _module_preset=&#8221;default&#8221; global_colors_info=&#8221;{}&#8221;][et_pb_text admin_label=&#8221;Texte&#8221; _builder_version=&#8221;4.24.2&#8243; _module_preset=&#8221;default&#8221; text_orientation=&#8221;center&#8221; global_colors_info=&#8221;{}&#8221;]<\/p>\n<h2 style=\"text-align: center;\">Rive-Nord<\/h2>\n<ul>\n<li style=\"text-align: center;\">Boisbriand<\/li>\n<li style=\"text-align: center;\">Bois-des-Filions<\/li>\n<li style=\"text-align: center;\">Blainville<\/li>\n<li style=\"text-align: center;\">Charlemagne<\/li>\n<li style=\"text-align: center;\">L\u2019Assomption<\/li>\n<li style=\"text-align: center;\">L\u2019\u00c9piphanie<\/li>\n<li style=\"text-align: center;\">Lavaltrie<\/li>\n<li style=\"text-align: center;\">Le Gardeur<\/li>\n<li style=\"text-align: center;\">Lachenaie<\/li>\n<li style=\"text-align: center;\">La Plaine<\/li>\n<li style=\"text-align: center;\">Lorraine<\/li>\n<li style=\"text-align: center;\">Mascouche<\/li>\n<li style=\"text-align: center;\">Repentigny<\/li>\n<li style=\"text-align: center;\">Rosem\u00e8re<\/li>\n<li style=\"text-align: center;\">Saint-Louis-de-Terrebonne<\/li>\n<li style=\"text-align: center;\">Sainte-Th\u00e9r\u00e8se<\/li>\n<li style=\"text-align: center;\">Saint-Eustache<\/li>\n<li style=\"text-align: center;\">Saint-Sulpice<\/li>\n<li style=\"text-align: center;\">Terrebonne<\/li>\n<\/ul>\n<p>[\/et_pb_text][\/et_pb_column][et_pb_column type=&#8221;1_4&#8243; _builder_version=&#8221;4.20.0&#8243; _module_preset=&#8221;default&#8221; global_colors_info=&#8221;{}&#8221;][et_pb_text admin_label=&#8221;Texte&#8221; _builder_version=&#8221;4.24.2&#8243; _module_preset=&#8221;default&#8221; text_orientation=&#8221;center&#8221; global_colors_info=&#8221;{}&#8221;]<\/p>\n<h2 style=\"text-align: center;\">Lanaudi\u00e8re<\/h2>\n<ul>\n<li style=\"text-align: center;\">Charlemagne<\/li>\n<li style=\"text-align: center;\">Lachenaie<\/li>\n<li style=\"text-align: center;\">Terrebonne<\/li>\n<li style=\"text-align: center;\">Mascouche<\/li>\n<li style=\"text-align: center;\">Le Gardeur<\/li>\n<li style=\"text-align: center;\">Repentigny<\/li>\n<li style=\"text-align: center;\">Saint Sulpice<\/li>\n<li style=\"text-align: center;\">L\u2019Assomption<\/li>\n<li style=\"text-align: center;\">Lavaltrie<\/li>\n<li style=\"text-align: center;\">L\u2019\u00c9piphanie<\/li>\n<\/ul>\n<p>[\/et_pb_text][\/et_pb_column][\/et_pb_row][\/et_pb_section][et_pb_section fb_built=&#8221;1&#8243; admin_label=&#8221;Section pre-foot&#8221; module_id=&#8221;prefootersection&#8221; _builder_version=&#8221;4.24.2&#8243; _module_preset=&#8221;default&#8221; global_module=&#8221;2063&#8243; saved_tabs=&#8221;all&#8221; global_colors_info=&#8221;{}&#8221;][et_pb_row _builder_version=&#8221;4.24.2&#8243; _module_preset=&#8221;default&#8221; global_colors_info=&#8221;{}&#8221;][et_pb_column type=&#8221;4_4&#8243; _builder_version=&#8221;4.19.4&#8243; _module_preset=&#8221;default&#8221; global_colors_info=&#8221;{}&#8221;][et_pb_blurb title=&#8221;FREE ESTIMATEFREE ESTIMATE&#8221; use_icon=&#8221;on&#8221; font_icon=&#8221;&#xf164;||fa||900&#8243; icon_color=&#8221;#333333&#8243; content_max_width=&#8221;804px&#8221; admin_label=&#8221;FREE ESTIMATE&#8221; module_class=&#8221;colonnecentrale&#8221; _builder_version=&#8221;4.24.2&#8243; _module_preset=&#8221;default&#8221; header_text_align=&#8221;center&#8221; text_orientation=&#8221;center&#8221; hover_enabled=&#8221;0&#8243; global_colors_info=&#8221;{}&#8221; sticky_enabled=&#8221;0&#8243;]<\/p>\n<div id=\"1243658945\" class=\"dmNewParagraph\" data-element-type=\"paragraph\" data-version=\"5\">\n<p class=\"text-align-center\">We have the skills and equipment you need for all your arboricultural projects.<\/p>\n<\/div>\n<p><a class=\"boutonsoumission\" href=\"https:\/\/www.service-darbres-stephane.com\/en\/submission\/\">Soumission<\/a><\/p>\n<p>[\/et_pb_blurb][\/et_pb_column][\/et_pb_row][\/et_pb_section][et_pb_section fb_built=&#8221;1&#8243; module_id=&#8221;sectionfooter&#8221; _builder_version=&#8221;4.19.4&#8243; _module_preset=&#8221;default&#8221; background_color=&#8221;#424242&#8243; global_module=&#8221;69&#8243; saved_tabs=&#8221;all&#8221; global_colors_info=&#8221;{}&#8221;][et_pb_row column_structure=&#8221;1_4,1_4,1_4,1_4&#8243; _builder_version=&#8221;4.19.4&#8243; _module_preset=&#8221;default&#8221; global_colors_info=&#8221;{}&#8221;][et_pb_column type=&#8221;1_4&#8243; _builder_version=&#8221;4.19.4&#8243; _module_preset=&#8221;default&#8221; global_colors_info=&#8221;{}&#8221;][et_pb_text _builder_version=&#8221;4.21.0&#8243; _module_preset=&#8221;default&#8221; custom_margin=&#8221;||10px||false|false&#8221; custom_padding=&#8221;||||false|false&#8221; global_colors_info=&#8221;{}&#8221;]<\/p>\n<h3>Informations<\/h3>\n<p class=\"footertext\">Abattage Arbre Montr\u00e9al<\/p>\n<p class=\"footertext\">T\u00e9l\u00e9phone : <a href=\"tel:514%E2%80%91914%E2%80%911032\" data-global=\"phone\" data-track-event=\"click\" data-track-action=\"phone_link\">514-914-1032<\/a><\/p>\n<p class=\"footertext\">Courriel : <a href=\"mailto:info@service-darbres-stephane.com\" data-track-event=\"click\" data-track-action=\"email_link\">info@service-darbres-stephane.com<\/a><\/p>\n<p>[\/et_pb_text][et_pb_icon font_icon=&#8221;&#xe010;||divi||400&#8243; icon_color=&#8221;#FFFFFF&#8221; icon_width=&#8221;17px&#8221; url=&#8221;mailto:info@service-darbres-stephane.com&#8221; align=&#8221;left&#8221; _builder_version=&#8221;4.19.4&#8243; _module_preset=&#8221;default&#8221; background_color=&#8221;#109516&#8243; custom_padding=&#8221;7px|7px|7px|7px|false|false&#8221; border_radii=&#8221;on|50%|50%|50%|50%&#8221; global_colors_info=&#8221;{}&#8221; background__hover_enabled=&#8221;on|hover&#8221; background_color__hover=&#8221;#FFFFFF&#8221; background_enable_color__hover=&#8221;on&#8221; icon_color__hover_enabled=&#8221;on|hover&#8221; icon_color__hover=&#8221;#109516&#8243;][\/et_pb_icon][\/et_pb_column][et_pb_column type=&#8221;1_4&#8243; _builder_version=&#8221;4.19.4&#8243; _module_preset=&#8221;default&#8221; global_colors_info=&#8221;{}&#8221;][et_pb_text _builder_version=&#8221;4.21.0&#8243; _module_preset=&#8221;default&#8221; global_colors_info=&#8221;{}&#8221;]<\/p>\n<h3>Useful Links<\/h3>\n<p><a href=\"https:\/\/www.service-darbres-stephane.com\/en\/\">Homepage<\/a><br \/> <a href=\"https:\/\/www.service-darbres-stephane.com\/en\/site-map\/\">Sitemap<\/a><br \/> <a href=\"https:\/\/www.service-darbres-stephane.com\/en\/submission\/\">Submission<\/a><\/p>\n<h3>Hours<\/h3>\n<p class=\"footertext\">24\/7<\/p>\n<p>[\/et_pb_text][\/et_pb_column][et_pb_column type=&#8221;1_4&#8243; _builder_version=&#8221;4.19.4&#8243; _module_preset=&#8221;default&#8221; global_colors_info=&#8221;{}&#8221;][et_pb_text _builder_version=&#8221;4.21.0&#8243; _module_preset=&#8221;default&#8221; global_colors_info=&#8221;{}&#8221;]<\/p>\n<h3>Service area<\/h3>\n<p>Montreal<br \/>Laval<br \/>North Shore<br \/>Lanaudi\u00e8re<\/p>\n<p>[\/et_pb_text][\/et_pb_column][et_pb_column type=&#8221;1_4&#8243; _builder_version=&#8221;4.19.4&#8243; _module_preset=&#8221;default&#8221; global_colors_info=&#8221;{}&#8221;][et_pb_text _builder_version=&#8221;4.19.4&#8243; _module_preset=&#8221;default&#8221; custom_margin=&#8221;||10px||false|false&#8221; global_colors_info=&#8221;{}&#8221;]<\/p>\n<p>Please share<\/p>\n<p>[\/et_pb_text][et_pb_social_media_follow use_icon_font_size=&#8221;on&#8221; _builder_version=&#8221;4.19.4&#8243; _module_preset=&#8221;default&#8221; border_radii=&#8221;on|50%|50%|50%|50%&#8221; global_colors_info=&#8221;{}&#8221; background__hover_enabled=&#8221;on|desktop&#8221;][et_pb_social_media_follow_network social_network=&#8221;facebook&#8221; url=&#8221;https:\/\/www.facebook.com\/servicedarbres&#8221; icon_color=&#8221;#FFFFFF&#8221; use_icon_font_size=&#8221;on&#8221; _builder_version=&#8221;4.19.4&#8243; _module_preset=&#8221;default&#8221; background_color=&#8221;#109516&#8243; background_enable_color=&#8221;on&#8221; global_colors_info=&#8221;{}&#8221; background__hover_enabled=&#8221;on|hover&#8221; background_color__hover=&#8221;#FFFFFF&#8221; background_enable_color__hover=&#8221;on&#8221; icon_color__hover_enabled=&#8221;on|hover&#8221; icon_color__hover=&#8221;#109516&#8243; follow_button=&#8221;off&#8221; url_new_window=&#8221;on&#8221;]facebook[\/et_pb_social_media_follow_network][et_pb_social_media_follow_network social_network=&#8221;twitter&#8221; url=&#8221;https:\/\/twitter.com\/intent\/tweet?url=https%3A%2F%2Fwww.service-darbres-stephane.com%2F&#8221; use_icon_font_size=&#8221;on&#8221; _builder_version=&#8221;4.19.4&#8243; _module_preset=&#8221;default&#8221; background_color=&#8221;#109516&#8243; background_enable_color=&#8221;on&#8221; global_colors_info=&#8221;{}&#8221; background__hover_enabled=&#8221;on|hover&#8221; background_color__hover=&#8221;#FFFFFF&#8221; background_enable_color__hover=&#8221;on&#8221; icon_color__hover_enabled=&#8221;on|hover&#8221; icon_color__hover=&#8221;#109516&#8243; follow_button=&#8221;off&#8221; url_new_window=&#8221;on&#8221;]twitter[\/et_pb_social_media_follow_network][\/et_pb_social_media_follow][\/et_pb_column][\/et_pb_row][\/et_pb_section]<\/p>\n","protected":false},"excerpt":{"rendered":"<p>Areas Served Wherever you are, we&#8217;ll be there too Service AreasMontr\u00e9al Ahuntsic Anjou Beaconsfield Cartierville C\u00f4te-des-Neiges C\u00f4te-Sainte-Catherine C\u00f4te-Saint-Luc Dollard-des-Ormeaux Dorval Hampstead Hochelaga-Maisonneuve \u00cele-Bizard \u00cele-des-S\u0153urs Kirkland Lachine LaSalle Mercier Montr\u00e9al centre-ville Montr\u00e9al-Est Montr\u00e9al-Nord Notre-Dame-de-Gr\u00e2ce Outremont Parc-Extension Pierrefonds Plateau-Mont-Royal Pointe-aux-Trembles Pointe-Claire Pointe-Saint-Charles Queen-Mary Rivi\u00e8re-des-Prairies Rosemont-La Petite-Patrie Snowdon Saint-Henri Saint-Michel Saint-Laurent Saint-L\u00e9onard Verdun Ville-\u00c9mard Ville-Marie Villeray Westmount Laval [&hellip;]<\/p>\n","protected":false},"author":1,"featured_media":0,"parent":0,"menu_order":0,"comment_status":"closed","ping_status":"closed","template":"","meta":{"_et_pb_use_builder":"on","_et_pb_old_content":"","_et_gb_content_width":"","footnotes":""},"class_list":["post-1460","page","type-page","status-publish","hentry"],"yoast_head":"<!-- This site is optimized with the Yoast SEO plugin v27.3 - https:\/\/yoast.com\/product\/yoast-seo-wordpress\/ -->\n<title>Served Territories - Service d&#039;arbres St\u00e9phane<\/title>\n<meta name=\"robots\" content=\"index, follow, max-snippet:-1, max-image-preview:large, max-video-preview:-1\" \/>\n<link rel=\"canonical\" href=\"https:\/\/www.service-darbres-stephane.com\/en\/served-territories\/\" \/>\n<meta property=\"og:locale\" content=\"en_US\" \/>\n<meta property=\"og:type\" content=\"article\" \/>\n<meta property=\"og:title\" content=\"Served Territories - Service d&#039;arbres St\u00e9phane\" \/>\n<meta property=\"og:description\" content=\"Areas Served Wherever you are, we&#039;ll be there too Service AreasMontr\u00e9al Ahuntsic Anjou Beaconsfield Cartierville C\u00f4te-des-Neiges C\u00f4te-Sainte-Catherine C\u00f4te-Saint-Luc Dollard-des-Ormeaux Dorval Hampstead Hochelaga-Maisonneuve \u00cele-Bizard \u00cele-des-S\u0153urs Kirkland Lachine LaSalle Mercier Montr\u00e9al centre-ville Montr\u00e9al-Est Montr\u00e9al-Nord Notre-Dame-de-Gr\u00e2ce Outremont Parc-Extension Pierrefonds Plateau-Mont-Royal Pointe-aux-Trembles Pointe-Claire Pointe-Saint-Charles Queen-Mary Rivi\u00e8re-des-Prairies Rosemont-La Petite-Patrie Snowdon Saint-Henri Saint-Michel Saint-Laurent Saint-L\u00e9onard Verdun Ville-\u00c9mard Ville-Marie Villeray Westmount Laval [&hellip;]\" \/>\n<meta property=\"og:url\" content=\"https:\/\/www.service-darbres-stephane.com\/en\/served-territories\/\" \/>\n<meta property=\"og:site_name\" content=\"Service d&#039;arbres St\u00e9phane\" \/>\n<meta property=\"article:modified_time\" content=\"2024-03-28T19:35:25+00:00\" \/>\n<meta name=\"twitter:card\" content=\"summary_large_image\" \/>\n<meta name=\"twitter:label1\" content=\"Est. reading time\" \/>\n\t<meta name=\"twitter:data1\" content=\"1 minute\" \/>\n<script type=\"application\/ld+json\" class=\"yoast-schema-graph\">{\"@context\":\"https:\\\/\\\/schema.org\",\"@graph\":[{\"@type\":\"WebPage\",\"@id\":\"https:\\\/\\\/www.service-darbres-stephane.com\\\/en\\\/served-territories\\\/\",\"url\":\"https:\\\/\\\/www.service-darbres-stephane.com\\\/en\\\/served-territories\\\/\",\"name\":\"Served Territories - Service d&#039;arbres St\u00e9phane\",\"isPartOf\":{\"@id\":\"https:\\\/\\\/www.service-darbres-stephane.com\\\/en\\\/#website\"},\"datePublished\":\"2023-03-16T20:25:17+00:00\",\"dateModified\":\"2024-03-28T19:35:25+00:00\",\"inLanguage\":\"en-US\",\"potentialAction\":[{\"@type\":\"ReadAction\",\"target\":[\"https:\\\/\\\/www.service-darbres-stephane.com\\\/en\\\/served-territories\\\/\"]}]},{\"@type\":\"WebSite\",\"@id\":\"https:\\\/\\\/www.service-darbres-stephane.com\\\/en\\\/#website\",\"url\":\"https:\\\/\\\/www.service-darbres-stephane.com\\\/en\\\/\",\"name\":\"Service d&#039;arbres St\u00e9phane\",\"description\":\"Vous servir et nous faire payer avec le sourire est notre devise!\",\"potentialAction\":[{\"@type\":\"SearchAction\",\"target\":{\"@type\":\"EntryPoint\",\"urlTemplate\":\"https:\\\/\\\/www.service-darbres-stephane.com\\\/en\\\/?s={search_term_string}\"},\"query-input\":{\"@type\":\"PropertyValueSpecification\",\"valueRequired\":true,\"valueName\":\"search_term_string\"}}],\"inLanguage\":\"en-US\"}]}<\/script>\n<!-- \/ Yoast SEO plugin. -->","yoast_head_json":{"title":"Served Territories - Service d&#039;arbres St\u00e9phane","robots":{"index":"index","follow":"follow","max-snippet":"max-snippet:-1","max-image-preview":"max-image-preview:large","max-video-preview":"max-video-preview:-1"},"canonical":"https:\/\/www.service-darbres-stephane.com\/en\/served-territories\/","og_locale":"en_US","og_type":"article","og_title":"Served Territories - Service d&#039;arbres St\u00e9phane","og_description":"Areas Served Wherever you are, we'll be there too Service AreasMontr\u00e9al Ahuntsic Anjou Beaconsfield Cartierville C\u00f4te-des-Neiges C\u00f4te-Sainte-Catherine C\u00f4te-Saint-Luc Dollard-des-Ormeaux Dorval Hampstead Hochelaga-Maisonneuve \u00cele-Bizard \u00cele-des-S\u0153urs Kirkland Lachine LaSalle Mercier Montr\u00e9al centre-ville Montr\u00e9al-Est Montr\u00e9al-Nord Notre-Dame-de-Gr\u00e2ce Outremont Parc-Extension Pierrefonds Plateau-Mont-Royal Pointe-aux-Trembles Pointe-Claire Pointe-Saint-Charles Queen-Mary Rivi\u00e8re-des-Prairies Rosemont-La Petite-Patrie Snowdon Saint-Henri Saint-Michel Saint-Laurent Saint-L\u00e9onard Verdun Ville-\u00c9mard Ville-Marie Villeray Westmount Laval [&hellip;]","og_url":"https:\/\/www.service-darbres-stephane.com\/en\/served-territories\/","og_site_name":"Service d&#039;arbres St\u00e9phane","article_modified_time":"2024-03-28T19:35:25+00:00","twitter_card":"summary_large_image","twitter_misc":{"Est. reading time":"1 minute"},"schema":{"@context":"https:\/\/schema.org","@graph":[{"@type":"WebPage","@id":"https:\/\/www.service-darbres-stephane.com\/en\/served-territories\/","url":"https:\/\/www.service-darbres-stephane.com\/en\/served-territories\/","name":"Served Territories - Service d&#039;arbres St\u00e9phane","isPartOf":{"@id":"https:\/\/www.service-darbres-stephane.com\/en\/#website"},"datePublished":"2023-03-16T20:25:17+00:00","dateModified":"2024-03-28T19:35:25+00:00","inLanguage":"en-US","potentialAction":[{"@type":"ReadAction","target":["https:\/\/www.service-darbres-stephane.com\/en\/served-territories\/"]}]},{"@type":"WebSite","@id":"https:\/\/www.service-darbres-stephane.com\/en\/#website","url":"https:\/\/www.service-darbres-stephane.com\/en\/","name":"Service d&#039;arbres St\u00e9phane","description":"Vous servir et nous faire payer avec le sourire est notre devise!","potentialAction":[{"@type":"SearchAction","target":{"@type":"EntryPoint","urlTemplate":"https:\/\/www.service-darbres-stephane.com\/en\/?s={search_term_string}"},"query-input":{"@type":"PropertyValueSpecification","valueRequired":true,"valueName":"search_term_string"}}],"inLanguage":"en-US"}]}},"_links":{"self":[{"href":"https:\/\/www.service-darbres-stephane.com\/en\/wp-json\/wp\/v2\/pages\/1460","targetHints":{"allow":["GET"]}}],"collection":[{"href":"https:\/\/www.service-darbres-stephane.com\/en\/wp-json\/wp\/v2\/pages"}],"about":[{"href":"https:\/\/www.service-darbres-stephane.com\/en\/wp-json\/wp\/v2\/types\/page"}],"author":[{"embeddable":true,"href":"https:\/\/www.service-darbres-stephane.com\/en\/wp-json\/wp\/v2\/users\/1"}],"replies":[{"embeddable":true,"href":"https:\/\/www.service-darbres-stephane.com\/en\/wp-json\/wp\/v2\/comments?post=1460"}],"version-history":[{"count":11,"href":"https:\/\/www.service-darbres-stephane.com\/en\/wp-json\/wp\/v2\/pages\/1460\/revisions"}],"predecessor-version":[{"id":2069,"href":"https:\/\/www.service-darbres-stephane.com\/en\/wp-json\/wp\/v2\/pages\/1460\/revisions\/2069"}],"wp:attachment":[{"href":"https:\/\/www.service-darbres-stephane.com\/en\/wp-json\/wp\/v2\/media?parent=1460"}],"curies":[{"name":"wp","href":"https:\/\/api.w.org\/{rel}","templated":true}]}}