{"id":1469,"date":"2023-01-24T15:56:15","date_gmt":"2023-01-24T15:56:15","guid":{"rendered":"https:\/\/www.service-darbres-stephane.com\/contact-us-2\/"},"modified":"2024-05-06T23:19:21","modified_gmt":"2024-05-06T23:19:21","slug":"contact-us","status":"publish","type":"page","link":"https:\/\/www.service-darbres-stephane.com\/en\/contact-us\/","title":{"rendered":"Contact us"},"content":{"rendered":"<p>[et_pb_section fb_built=&#8221;1&#8243; _builder_version=&#8221;4.25.0&#8243; _module_preset=&#8221;default&#8221; background_color=&#8221;#f4f4f4&#8243; hover_enabled=&#8221;0&#8243; global_colors_info=&#8221;{}&#8221; custom_padding=&#8221;0px||0px||true|false&#8221; sticky_enabled=&#8221;0&#8243;][et_pb_row _builder_version=&#8221;4.20.0&#8243; _module_preset=&#8221;default&#8221; global_colors_info=&#8221;{}&#8221;][et_pb_column type=&#8221;4_4&#8243; _builder_version=&#8221;4.19.4&#8243; _module_preset=&#8221;default&#8221; global_colors_info=&#8221;{}&#8221;][et_pb_text _builder_version=&#8221;4.25.0&#8243; _module_preset=&#8221;default&#8221; global_colors_info=&#8221;{}&#8221;]<\/p>\n<div id=\"1462769274\" class=\"dmNewParagraph\" data-element-type=\"paragraph\" data-version=\"5\">\n<h1 class=\"text-align-center\" style=\"text-align: center;\">Contact Us<\/h1>\n<\/div>\n<div id=\"1301763896\" class=\"u_1301763896 dmNewParagraph\" data-element-type=\"paragraph\" data-version=\"5\">\n<p class=\"text-align-center\" style=\"text-align: center;\">At Service d&#8217;Arbres St\u00e9phane, customer satisfaction is at the heart of our concerns. That&#8217;s why we&#8217;re committed to offering you comprehensive services to keep your trees healthy throughout their lives.<\/p>\n<\/div>\n<p>[\/et_pb_text][\/et_pb_column][\/et_pb_row][\/et_pb_section][et_pb_section fb_built=&#8221;1&#8243; _builder_version=&#8221;4.24.2&#8243; _module_preset=&#8221;default&#8221; global_colors_info=&#8221;{}&#8221;][et_pb_row column_structure=&#8221;2_3,1_3&#8243; _builder_version=&#8221;4.19.4&#8243; _module_preset=&#8221;default&#8221; global_colors_info=&#8221;{}&#8221;][et_pb_column type=&#8221;2_3&#8243; module_id=&#8221;sectionform&#8221; _builder_version=&#8221;4.19.4&#8243; _module_preset=&#8221;default&#8221; global_colors_info=&#8221;{}&#8221;][et_pb_text disabled_on=&#8221;off|off|off&#8221; admin_label=&#8221;Texte&#8221; _builder_version=&#8221;4.24.2&#8243; _module_preset=&#8221;default&#8221; global_colors_info=&#8221;{}&#8221;]<\/p>\n<p class=\"wpcf7-contact-form-not-found\"><strong>Error:<\/strong> Contact form not found.<\/p>\n<p>[\/et_pb_text][et_pb_image src=&#8221;https:\/\/www.service-darbres-stephane.com\/wp-content\/uploads\/2023\/03\/Entreprise-Services-Arbres-Stephanes.jpg&#8221; alt=&#8221;Contact us for a tree service in Montreal, Laval, North Shore and in Lanaudi\u00e8re and its surroundings &#8211; Abattage Arbre Montr\u00e9al&#8221; title_text=&#8221;Contact us for a tree service in Montreal, Laval, North Shore and in Lanaudi\u00e8re and its surroundings &#8211; Abattage Arbre Montr\u00e9al&#8221; disabled_on=&#8221;on|on|on&#8221; _builder_version=&#8221;4.20.0&#8243; _module_preset=&#8221;default&#8221; disabled=&#8221;on&#8221; global_colors_info=&#8221;{}&#8221;][\/et_pb_image][\/et_pb_column][et_pb_column type=&#8221;1_3&#8243; _builder_version=&#8221;4.19.4&#8243; _module_preset=&#8221;default&#8221; global_colors_info=&#8221;{}&#8221;][et_pb_text _builder_version=&#8221;4.25.0&#8243; _module_preset=&#8221;default&#8221; global_colors_info=&#8221;{}&#8221;]<\/p>\n<h3 class=\"smallsubtitle\" style=\"color: #f4b832;\"><a id=\"1571483800\" class=\"u_1571483800 align-center dmButtonLink dmWidget dmWwr default dmOnlyButton dmDefaultGradient button_2 hide-for-small\" href=\"tel:(514) 914-1032\" target=\"_blank\" rel=\"noopener\" data-display-type=\"block\" data-element-type=\"dButtonLinkId\"><span id=\"1185724563\" class=\"text\">514\u2011914\u20111032<\/span>\u00a0<\/a><\/h3>\n<h3 class=\"smallsubtitle\" style=\"color: #f4b832;\"><a id=\"1230420363\" class=\"u_1230420363 align-center dmButtonLink dmWidget dmWwr default dmOnlyButton dmDefaultGradient button_2 hide-for-small\" href=\"mailto:info@service-darbres-stephane.com\" target=\"_blank\" rel=\"noopener\" data-display-type=\"block\" data-element-type=\"dButtonLinkId\"><span id=\"1790053327\" class=\"text\">info@service-darbres-stephane.com<\/span>\u00a0<\/a><\/h3>\n<p>&nbsp;<\/p>\n<div id=\"1245274004\" class=\"dmNewParagraph u_1245274004\" data-element-type=\"paragraph\" data-version=\"5\">\n<h2 class=\"m-text-align-center\" style=\"color: #0f9516;\">At your service<\/h2>\n<\/div>\n<div id=\"1869831728\" class=\"dmNewParagraph\" data-element-type=\"paragraph\" data-version=\"5\" data-styletopreserve=\"{\">\n<p class=\"m-size-18 m-text-align-center size-22\" style=\"color: #f4b832;\"><span class=\"m-font-size-18 font-size-22\">24 hours a day \/ 7 days a week<\/span><\/p>\n<p>&nbsp;<\/p>\n<\/div>\n<div id=\"1986576933\" class=\"dmNewParagraph u_1986576933\" data-element-type=\"paragraph\" data-version=\"5\">\n<h2 class=\"m-text-align-center\" style=\"color: #0f9516;\">Liability Insurance<\/h2>\n<\/div>\n<div id=\"1108026379\" class=\"dmNewParagraph\" data-element-type=\"paragraph\" data-version=\"5\" data-styletopreserve=\"{\">\n<p class=\"m-size-18 m-text-align-center size-22\" style=\"color: #f4b832;\"><span class=\"font-size-22 m-font-size-18\">5 million<\/span><\/p>\n<p>&nbsp;<\/p>\n<\/div>\n<div id=\"1729923803\" class=\"dmNewParagraph u_1729923803\" data-element-type=\"paragraph\" data-version=\"5\">\n<h2 class=\"m-text-align-center\" style=\"color: #0f9516;\">Service areas<\/h2>\n<\/div>\n<div id=\"1714788390\" class=\"dmNewParagraph\" data-element-type=\"paragraph\" data-version=\"5\">\n<p class=\"m-text-align-center\">Montreal<br \/>Laval<br \/>North Shore<br \/>Terrebonne<br \/>Repentigny<br \/>Lanaudi\u00e8re<br \/>And the Surrounding Area<\/p>\n<\/div>\n<p>[\/et_pb_text][\/et_pb_column][\/et_pb_row][et_pb_row _builder_version=&#8221;4.24.2&#8243; _module_preset=&#8221;default&#8221; global_colors_info=&#8221;{}&#8221;][et_pb_column type=&#8221;4_4&#8243; _builder_version=&#8221;4.24.2&#8243; _module_preset=&#8221;default&#8221; global_colors_info=&#8221;{}&#8221;][\/et_pb_column][\/et_pb_row][\/et_pb_section][et_pb_section fb_built=&#8221;1&#8243; admin_label=&#8221;Section pre-foot&#8221; module_id=&#8221;prefootersection&#8221; _builder_version=&#8221;4.19.4&#8243; _module_preset=&#8221;default&#8221; saved_tabs=&#8221;all&#8221; global_colors_info=&#8221;{}&#8221;][et_pb_row _builder_version=&#8221;4.19.4&#8243; _module_preset=&#8221;default&#8221; global_colors_info=&#8221;{}&#8221;][et_pb_column type=&#8221;4_4&#8243; _builder_version=&#8221;4.19.4&#8243; _module_preset=&#8221;default&#8221; global_colors_info=&#8221;{}&#8221;][et_pb_blurb title=&#8221;Free quote&#8221; use_icon=&#8221;on&#8221; font_icon=&#8221;&#xf164;||fa||900&#8243; icon_color=&#8221;#333333&#8243; content_max_width=&#8221;804px&#8221; module_class=&#8221;colonnecentrale&#8221; _builder_version=&#8221;4.20.0&#8243; _module_preset=&#8221;default&#8221; header_text_align=&#8221;center&#8221; text_orientation=&#8221;center&#8221; global_colors_info=&#8221;{}&#8221;]<\/p>\n<p>We have the skills and equipment you need for all your arboriculture projects.<\/p>\n<p><a href=\"https:\/\/www.service-darbres-stephane.com\/en\/submission\/\">Submit a quote now!<\/a><\/p>\n<p>[\/et_pb_blurb][\/et_pb_column][\/et_pb_row][\/et_pb_section][et_pb_section fb_built=&#8221;1&#8243; module_id=&#8221;sectionfooter&#8221; _builder_version=&#8221;4.19.4&#8243; _module_preset=&#8221;default&#8221; background_color=&#8221;#424242&#8243; global_module=&#8221;1595&#8243; saved_tabs=&#8221;all&#8221; global_colors_info=&#8221;{}&#8221;][et_pb_row column_structure=&#8221;1_4,1_4,1_4,1_4&#8243; _builder_version=&#8221;4.19.4&#8243; _module_preset=&#8221;default&#8221; global_colors_info=&#8221;{}&#8221;][et_pb_column type=&#8221;1_4&#8243; _builder_version=&#8221;4.19.4&#8243; _module_preset=&#8221;default&#8221; global_colors_info=&#8221;{}&#8221;][et_pb_text _builder_version=&#8221;4.24.2&#8243; _module_preset=&#8221;default&#8221; custom_margin=&#8221;||10px||false|false&#8221; custom_padding=&#8221;||||false|false&#8221; global_colors_info=&#8221;{}&#8221;]<\/p>\n<h3>Informations<\/h3>\n<p class=\"footertext\">Service d\u2019Arbres St\u00e9phane<\/p>\n<p class=\"footertext\"><a href=\"tel:514%E2%80%91914%E2%80%911032\" data-global=\"phone\" data-track-event=\"click\" data-track-action=\"phone_link\">514-914-1032<\/a><\/p>\n<p class=\"footertext\"><a href=\"mailto:info@service-darbres-stephane.com\" data-track-event=\"click\" data-track-action=\"email_link\">info@service-darbres-stephane.com<\/a><\/p>\n<p>[\/et_pb_text][et_pb_icon font_icon=&#8221;&#xe010;||divi||400&#8243; icon_color=&#8221;#FFFFFF&#8221; icon_width=&#8221;17px&#8221; url=&#8221;mailto:info@service-darbres-stephane.com&#8221; align=&#8221;left&#8221; _builder_version=&#8221;4.19.4&#8243; _module_preset=&#8221;default&#8221; background_color=&#8221;#109516&#8243; custom_padding=&#8221;7px|7px|7px|7px|false|false&#8221; border_radii=&#8221;on|50%|50%|50%|50%&#8221; global_colors_info=&#8221;{}&#8221; background__hover_enabled=&#8221;on|hover&#8221; background_color__hover=&#8221;#FFFFFF&#8221; background_enable_color__hover=&#8221;on&#8221; icon_color__hover_enabled=&#8221;on|hover&#8221; icon_color__hover=&#8221;#109516&#8243;][\/et_pb_icon][\/et_pb_column][et_pb_column type=&#8221;1_4&#8243; _builder_version=&#8221;4.19.4&#8243; _module_preset=&#8221;default&#8221; global_colors_info=&#8221;{}&#8221;][et_pb_text _builder_version=&#8221;4.25.0&#8243; _module_preset=&#8221;default&#8221; global_colors_info=&#8221;{}&#8221;]<\/p>\n<h3 style=\"text-align: center;\">USEFUL LINKS<\/h3>\n<p style=\"text-align: center;\"><a href=\"https:\/\/www.service-darbres-stephane.com\/en\">Home<\/a><a href=\"https:\/\/www.service-darbres-stephane.com\/en\/sitemap\/\">Sitemap<\/a><a href=\"https:\/\/www.service-darbres-stephane.com\/en\/submission\/\">Submission<\/a><\/p>\n<p>[\/et_pb_text][et_pb_text _builder_version=&#8221;4.25.0&#8243; _module_preset=&#8221;default&#8221; global_colors_info=&#8221;{}&#8221;]<\/p>\n<h3 style=\"text-align: center;\">OPENING HOURS<\/h3>\n<p class=\"footertext\" style=\"text-align: center;\">24\/7<\/p>\n<p>[\/et_pb_text][\/et_pb_column][et_pb_column type=&#8221;1_4&#8243; _builder_version=&#8221;4.19.4&#8243; _module_preset=&#8221;default&#8221; global_colors_info=&#8221;{}&#8221;][et_pb_text _builder_version=&#8221;4.25.0&#8243; _module_preset=&#8221;default&#8221; global_colors_info=&#8221;{}&#8221;]<\/p>\n<h3 style=\"text-align: center;\">SERVICE ZONE<\/h3>\n<p style=\"text-align: center;\">Montreal<br \/>Laval<br \/>North-Shore<br \/>Terrebonne<br \/>Repentigny<br \/>Lanaudiere<\/p>\n<p>[\/et_pb_text][\/et_pb_column][et_pb_column type=&#8221;1_4&#8243; _builder_version=&#8221;4.19.4&#8243; _module_preset=&#8221;default&#8221; global_colors_info=&#8221;{}&#8221;][et_pb_text _builder_version=&#8221;4.25.0&#8243; _module_preset=&#8221;default&#8221; custom_margin=&#8221;||10px||false|false&#8221; global_colors_info=&#8221;{}&#8221;]<\/p>\n<h3 style=\"text-align: center;\">PLEASE SHARE<\/h3>\n<p>[\/et_pb_text][et_pb_social_media_follow use_icon_font_size=&#8221;on&#8221; _builder_version=&#8221;4.24.2&#8243; _module_preset=&#8221;default&#8221; text_orientation=&#8221;center&#8221; border_radii=&#8221;on|50%|50%|50%|50%&#8221; global_colors_info=&#8221;{}&#8221; background__hover_enabled=&#8221;on|desktop&#8221;][et_pb_social_media_follow_network social_network=&#8221;facebook&#8221; url=&#8221;https:\/\/www.facebook.com\/servicedarbres&#8221; icon_color=&#8221;#FFFFFF&#8221; use_icon_font_size=&#8221;on&#8221; _builder_version=&#8221;4.19.4&#8243; _module_preset=&#8221;default&#8221; background_color=&#8221;#109516&#8243; background_enable_color=&#8221;on&#8221; global_colors_info=&#8221;{}&#8221; background__hover_enabled=&#8221;on|hover&#8221; background_color__hover=&#8221;#FFFFFF&#8221; background_enable_color__hover=&#8221;on&#8221; icon_color__hover_enabled=&#8221;on|hover&#8221; icon_color__hover=&#8221;#109516&#8243; follow_button=&#8221;off&#8221; url_new_window=&#8221;on&#8221;]facebook[\/et_pb_social_media_follow_network][et_pb_social_media_follow_network social_network=&#8221;twitter&#8221; url=&#8221;https:\/\/twitter.com\/intent\/tweet?url=https%3A%2F%2Fwww.service-darbres-stephane.com%2F&#8221; use_icon_font_size=&#8221;on&#8221; _builder_version=&#8221;4.19.4&#8243; _module_preset=&#8221;default&#8221; background_color=&#8221;#109516&#8243; background_enable_color=&#8221;on&#8221; global_colors_info=&#8221;{}&#8221; background__hover_enabled=&#8221;on|hover&#8221; background_color__hover=&#8221;#FFFFFF&#8221; background_enable_color__hover=&#8221;on&#8221; icon_color__hover_enabled=&#8221;on|hover&#8221; icon_color__hover=&#8221;#109516&#8243; follow_button=&#8221;off&#8221; url_new_window=&#8221;on&#8221;]twitter[\/et_pb_social_media_follow_network][\/et_pb_social_media_follow][\/et_pb_column][\/et_pb_row][\/et_pb_section]<\/p>\n","protected":false},"excerpt":{"rendered":"<p>Contact Us At Service d&#8217;Arbres St\u00e9phane, customer satisfaction is at the heart of our concerns. That&#8217;s why we&#8217;re committed to offering you comprehensive services to keep your trees healthy throughout their lives. <p class=\"wpcf7-contact-form-not-found\"><strong>Error:<\/strong> Contact form not found.<\/p>514\u2011914\u20111032\u00a0 info@service-darbres-stephane.com\u00a0 &nbsp; At your service 24 hours a day \/ 7 days a week &nbsp; Liability Insurance 5 million &nbsp; [&hellip;]<\/p>\n","protected":false},"author":1,"featured_media":0,"parent":0,"menu_order":0,"comment_status":"closed","ping_status":"closed","template":"","meta":{"_et_pb_use_builder":"on","_et_pb_old_content":"","_et_gb_content_width":"","footnotes":""},"class_list":["post-1469","page","type-page","status-publish","hentry"],"yoast_head":"<!-- This site is optimized with the Yoast SEO plugin v27.3 - https:\/\/yoast.com\/product\/yoast-seo-wordpress\/ -->\n<title>Contact us for tree service in Montreal, Laval, Repentigny, ...<\/title>\n<meta name=\"description\" content=\"Contact us for a tree service in Montreal, Laval, North Shore, and in Lanaudi\u00e8re and its surroundings - Abattage Arbre Stephane\" \/>\n<meta name=\"robots\" content=\"index, follow, max-snippet:-1, max-image-preview:large, max-video-preview:-1\" \/>\n<link rel=\"canonical\" href=\"https:\/\/www.service-darbres-stephane.com\/en\/contact-us\/\" \/>\n<meta property=\"og:locale\" content=\"en_US\" \/>\n<meta property=\"og:type\" content=\"article\" \/>\n<meta property=\"og:title\" content=\"Contact us for tree service in Montreal, Laval, Repentigny, ...\" \/>\n<meta property=\"og:description\" content=\"Contact us for a tree service in Montreal, Laval, North Shore, and in Lanaudi\u00e8re and its surroundings - Abattage Arbre Stephane\" \/>\n<meta property=\"og:url\" content=\"https:\/\/www.service-darbres-stephane.com\/en\/contact-us\/\" \/>\n<meta property=\"og:site_name\" content=\"Service d&#039;arbres St\u00e9phane\" \/>\n<meta property=\"article:modified_time\" content=\"2024-05-06T23:19:21+00:00\" \/>\n<meta name=\"twitter:card\" content=\"summary_large_image\" \/>\n<meta name=\"twitter:label1\" content=\"Est. reading time\" \/>\n\t<meta name=\"twitter:data1\" content=\"1 minute\" \/>\n<script type=\"application\/ld+json\" class=\"yoast-schema-graph\">{\"@context\":\"https:\\\/\\\/schema.org\",\"@graph\":[{\"@type\":\"WebPage\",\"@id\":\"https:\\\/\\\/www.service-darbres-stephane.com\\\/en\\\/contact-us\\\/\",\"url\":\"https:\\\/\\\/www.service-darbres-stephane.com\\\/en\\\/contact-us\\\/\",\"name\":\"Contact us for tree service in Montreal, Laval, Repentigny, ...\",\"isPartOf\":{\"@id\":\"https:\\\/\\\/www.service-darbres-stephane.com\\\/en\\\/#website\"},\"datePublished\":\"2023-01-24T15:56:15+00:00\",\"dateModified\":\"2024-05-06T23:19:21+00:00\",\"description\":\"Contact us for a tree service in Montreal, Laval, North Shore, and in Lanaudi\u00e8re and its surroundings - Abattage Arbre Stephane\",\"inLanguage\":\"en-US\",\"potentialAction\":[{\"@type\":\"ReadAction\",\"target\":[\"https:\\\/\\\/www.service-darbres-stephane.com\\\/en\\\/contact-us\\\/\"]}]},{\"@type\":\"WebSite\",\"@id\":\"https:\\\/\\\/www.service-darbres-stephane.com\\\/en\\\/#website\",\"url\":\"https:\\\/\\\/www.service-darbres-stephane.com\\\/en\\\/\",\"name\":\"Service d&#039;arbres St\u00e9phane\",\"description\":\"Vous servir et nous faire payer avec le sourire est notre devise!\",\"potentialAction\":[{\"@type\":\"SearchAction\",\"target\":{\"@type\":\"EntryPoint\",\"urlTemplate\":\"https:\\\/\\\/www.service-darbres-stephane.com\\\/en\\\/?s={search_term_string}\"},\"query-input\":{\"@type\":\"PropertyValueSpecification\",\"valueRequired\":true,\"valueName\":\"search_term_string\"}}],\"inLanguage\":\"en-US\"}]}<\/script>\n<!-- \/ Yoast SEO plugin. -->","yoast_head_json":{"title":"Contact us for tree service in Montreal, Laval, Repentigny, ...","description":"Contact us for a tree service in Montreal, Laval, North Shore, and in Lanaudi\u00e8re and its surroundings - Abattage Arbre Stephane","robots":{"index":"index","follow":"follow","max-snippet":"max-snippet:-1","max-image-preview":"max-image-preview:large","max-video-preview":"max-video-preview:-1"},"canonical":"https:\/\/www.service-darbres-stephane.com\/en\/contact-us\/","og_locale":"en_US","og_type":"article","og_title":"Contact us for tree service in Montreal, Laval, Repentigny, ...","og_description":"Contact us for a tree service in Montreal, Laval, North Shore, and in Lanaudi\u00e8re and its surroundings - Abattage Arbre Stephane","og_url":"https:\/\/www.service-darbres-stephane.com\/en\/contact-us\/","og_site_name":"Service d&#039;arbres St\u00e9phane","article_modified_time":"2024-05-06T23:19:21+00:00","twitter_card":"summary_large_image","twitter_misc":{"Est. reading time":"1 minute"},"schema":{"@context":"https:\/\/schema.org","@graph":[{"@type":"WebPage","@id":"https:\/\/www.service-darbres-stephane.com\/en\/contact-us\/","url":"https:\/\/www.service-darbres-stephane.com\/en\/contact-us\/","name":"Contact us for tree service in Montreal, Laval, Repentigny, ...","isPartOf":{"@id":"https:\/\/www.service-darbres-stephane.com\/en\/#website"},"datePublished":"2023-01-24T15:56:15+00:00","dateModified":"2024-05-06T23:19:21+00:00","description":"Contact us for a tree service in Montreal, Laval, North Shore, and in Lanaudi\u00e8re and its surroundings - Abattage Arbre Stephane","inLanguage":"en-US","potentialAction":[{"@type":"ReadAction","target":["https:\/\/www.service-darbres-stephane.com\/en\/contact-us\/"]}]},{"@type":"WebSite","@id":"https:\/\/www.service-darbres-stephane.com\/en\/#website","url":"https:\/\/www.service-darbres-stephane.com\/en\/","name":"Service d&#039;arbres St\u00e9phane","description":"Vous servir et nous faire payer avec le sourire est notre devise!","potentialAction":[{"@type":"SearchAction","target":{"@type":"EntryPoint","urlTemplate":"https:\/\/www.service-darbres-stephane.com\/en\/?s={search_term_string}"},"query-input":{"@type":"PropertyValueSpecification","valueRequired":true,"valueName":"search_term_string"}}],"inLanguage":"en-US"}]}},"_links":{"self":[{"href":"https:\/\/www.service-darbres-stephane.com\/en\/wp-json\/wp\/v2\/pages\/1469","targetHints":{"allow":["GET"]}}],"collection":[{"href":"https:\/\/www.service-darbres-stephane.com\/en\/wp-json\/wp\/v2\/pages"}],"about":[{"href":"https:\/\/www.service-darbres-stephane.com\/en\/wp-json\/wp\/v2\/types\/page"}],"author":[{"embeddable":true,"href":"https:\/\/www.service-darbres-stephane.com\/en\/wp-json\/wp\/v2\/users\/1"}],"replies":[{"embeddable":true,"href":"https:\/\/www.service-darbres-stephane.com\/en\/wp-json\/wp\/v2\/comments?post=1469"}],"version-history":[{"count":19,"href":"https:\/\/www.service-darbres-stephane.com\/en\/wp-json\/wp\/v2\/pages\/1469\/revisions"}],"predecessor-version":[{"id":2914,"href":"https:\/\/www.service-darbres-stephane.com\/en\/wp-json\/wp\/v2\/pages\/1469\/revisions\/2914"}],"wp:attachment":[{"href":"https:\/\/www.service-darbres-stephane.com\/en\/wp-json\/wp\/v2\/media?parent=1469"}],"curies":[{"name":"wp","href":"https:\/\/api.w.org\/{rel}","templated":true}]}}